{"id":101,"date":"2015-02-20T09:28:05","date_gmt":"2015-02-20T08:28:05","guid":{"rendered":"http:\/\/bcp.kobi.be\/?page_id=101"},"modified":"2023-10-09T13:00:48","modified_gmt":"2023-10-09T11:00:48","slug":"erkende-stamboeken-met-zetel-in-vlaanderen","status":"publish","type":"page","link":"https:\/\/cbc-bcp.be\/fr\/links\/fokkerij\/erkende-stamboeken-met-zetel-in-vlaanderen\/","title":{"rendered":"Stud-books agr\u00e9\u00e9s ayant leur si\u00e8ge en R\u00e9gion Flamande"},"content":{"rendered":"<p><\/p>\n<h3>Stud-books agr\u00e9\u00e9s ayant leur si\u00e8ge en R\u00e9gion Flamande<\/h3>\n<ul>\n<li><a title=\"Lien vers Belgian Highland Pony Society\" href=\"https:\/\/belgianhighlandpony.com\/\" target=\"_blank\" rel=\"noopener\">Belgian Highland Pony Society vzw<\/a><\/li>\n<\/ul>\n<ul>\n<li><a title=\"Lien vers Belgian New Forest Pony Studbook\" href=\"http:\/\/www.newforestpony.be\/\" target=\"_blank\" rel=\"noopener\">Belgian New Forest Pony Studbook vzw<\/a><\/li>\n<\/ul>\n<ul>\n<li><a title=\"Lien vers Belgian Quarter Horse Association\" href=\"http:\/\/www.bqha.be\/\" target=\"_blank\" rel=\"noopener\">Belgian Quarter Horse Association vzw<\/a><\/li>\n<\/ul>\n<ul>\n<li><a title=\"Lien vers Belgisch Arabisch Paardenstamboek\" href=\"http:\/\/www.arabianhorse.be\/\" target=\"_blank\" rel=\"noopener\">Belgisch Arabisch Paardenstamboek vzw<\/a><\/li>\n<\/ul>\n<ul>\n<li><a title=\"Lien vers Belgisch M\u00e9rens Stamboek\" href=\"http:\/\/www.merensbelgium.be\/\" target=\"_blank\" rel=\"noopener\">Belgisch M\u00e9rens Stamboek vzw<\/a><\/li>\n<\/ul>\n<ul>\n<li><a title=\"Lien vers Belgisch Stamboek van de Lipizzaner\" href=\"http:\/\/www.lipizzaner.be\/\" target=\"_blank\" rel=\"noopener\">Belgisch Stamboek van de Lipizzaner vzw<\/a><\/li>\n<\/ul>\n<ul>\n<li><a title=\"Lien vers Belgisch Stamboek van het Friese Paard\" href=\"http:\/\/www.bsfp-sbcf.be\/\" target=\"_blank\" rel=\"noopener\">Belgisch Stamboek van het Friese Paard vzw<\/a><\/li>\n<\/ul>\n<ul>\n<li><a title=\"Lien vers Belgisch Stamboek voor het Miniatuurpaard\" href=\"http:\/\/www.stamboekbmp.be\/\" target=\"_blank\" rel=\"noopener\">Belgisch Stamboek voor het Miniatuurpaard vzw<\/a><\/li>\n<\/ul>\n<ul>\n<li><a href=\"https:\/\/bsijp.be\/\" target=\"_blank\" rel=\"noopener\">Belgisch Stamboek voor IJslandse Paarden vzw<\/a><\/li>\n<\/ul>\n<ul>\n<li><a href=\"http:\/\/www.shetlandstudbook.be\/index.html\" target=\"_blank\" rel=\"noopener\">Belgisch Stud-Book van de Shetland Pony vzw<\/a><\/li>\n<\/ul>\n<ul>\n<li><a title=\"Lien vers Belgisch Tinker Stamboek\" href=\"http:\/\/www.tinkerstamboek.eu\/\" target=\"_blank\" rel=\"noopener\">Belgisch Tinker Stamboek vzw<\/a><\/li>\n<\/ul>\n<ul>\n<li><a title=\"Lien vers Belgisch Warmbloedpaard\" href=\"http:\/\/www.bwp.be\/\" target=\"_blank\" rel=\"noopener\">Belgisch Warmbloedpaard vzw<\/a><\/li>\n<\/ul>\n<ul>\n<li><a title=\"Lien vers Belgisch Welsh Pony Stamboek\" href=\"http:\/\/www.welshbelgium.be\/\" target=\"_blank\" rel=\"noopener\">Belgisch Welsh Pony Stamboek vzw<\/a><\/li>\n<\/ul>\n<ul>\n<li><a title=\"Lien vers Belgische Ezel Vrienden\" href=\"http:\/\/www.bevvzw.be\/\" target=\"_blank\" rel=\"noopener\">Belgische Ezel Vrienden vzw<\/a><\/li>\n<\/ul>\n<ul>\n<li><a title=\"Lien vers Belgische Haflinger Vereniging\" href=\"https:\/\/haflingerbelgie.weebly.com\/\" target=\"_blank\" rel=\"noopener\">Belgische Haflinger Vereniging vzw<\/a><\/li>\n<\/ul>\n<ul>\n<li><a title=\"Lien vers Europees Arabo Friezen Stamboek\" href=\"http:\/\/www.eafs.be\/\" target=\"_blank\" rel=\"noopener\">Europees Arabo Friezen Stamboek vzw<\/a><\/li>\n<\/ul>\n<ul>\n<li><a title=\"Lien vers Het Vlaams Paard\" href=\"http:\/\/www.vlaamspaard.be\/\" target=\"_blank\" rel=\"noopener\">Het Vlaams Paard vzw<\/a><\/li>\n<\/ul>\n<ul>\n<li><a title=\"Lien vers Irish Cob Soci\u00ebty Belgi\u00eb\" href=\"http:\/\/www.irishcobsociety.be\/\" target=\"_blank\" rel=\"noopener\">Irish Cob Soci\u00ebty Belgi\u00eb vzw<\/a><\/li>\n<\/ul>\n<ul>\n<li><a title=\"Lien vers Studbook Zangersheide\" href=\"http:\/\/www.zangersheide.com\/\" target=\"_blank\" rel=\"noopener\">Studbook Zangersheide vzw<\/a><\/li>\n<\/ul>\n<ul>\n<li><a title=\"Lien vers Vlaamse Federatie voor Paardenwedrennen\" href=\"https:\/\/www.vlfedp.be\/\" target=\"_blank\" rel=\"noopener\">Vlaamse Federatie voor Paardenwedrennen vzw<\/a><\/li>\n<\/ul>\n<ul>\n<li><a title=\"Lien versLe Studbook Belge du Fjording\" href=\"http:\/\/www.fjordstudbook.be\/\" target=\"_blank\" rel=\"noopener\">Le Studbook Belge du Fjording<\/a><\/li>\n<\/ul>\n<ul>\n<li><a title=\"Lien vers Vlaamse Fokkers van het Belgisch Trekpaard\" href=\"https:\/\/www.vfbt.be\" target=\"_blank\" rel=\"noopener\">Vlaamse Fokkers van het Belgisch Trekpaard vzw<\/a><\/li>\n<\/ul>\n<p><\/p>","protected":false},"excerpt":{"rendered":"<p>Stud-books agr\u00e9\u00e9s ayant leur si\u00e8ge en R\u00e9gion Flamande Belgian Highland Pony Society vzw Belgian New Forest Pony Studbook vzw Belgian Quarter Horse Association vzw Belgisch Arabisch Paardenstamboek vzw Belgisch M\u00e9rens Stamboek vzw Belgisch Stamboek van de Lipizzaner vzw Belgisch Stamboek van het Friese Paard vzw Belgisch Stamboek voor het Miniatuurpaard vzw Belgisch Stamboek voor IJslandse [&hellip;]<\/p>\n","protected":false},"author":2,"featured_media":0,"parent":87,"menu_order":0,"comment_status":"open","ping_status":"closed","template":"","meta":{"footnotes":""},"class_list":["post-101","page","type-page","status-publish","hentry"],"_links":{"self":[{"href":"https:\/\/cbc-bcp.be\/fr\/wp-json\/wp\/v2\/pages\/101","targetHints":{"allow":["GET"]}}],"collection":[{"href":"https:\/\/cbc-bcp.be\/fr\/wp-json\/wp\/v2\/pages"}],"about":[{"href":"https:\/\/cbc-bcp.be\/fr\/wp-json\/wp\/v2\/types\/page"}],"author":[{"embeddable":true,"href":"https:\/\/cbc-bcp.be\/fr\/wp-json\/wp\/v2\/users\/2"}],"replies":[{"embeddable":true,"href":"https:\/\/cbc-bcp.be\/fr\/wp-json\/wp\/v2\/comments?post=101"}],"version-history":[{"count":9,"href":"https:\/\/cbc-bcp.be\/fr\/wp-json\/wp\/v2\/pages\/101\/revisions"}],"predecessor-version":[{"id":5361,"href":"https:\/\/cbc-bcp.be\/fr\/wp-json\/wp\/v2\/pages\/101\/revisions\/5361"}],"up":[{"embeddable":true,"href":"https:\/\/cbc-bcp.be\/fr\/wp-json\/wp\/v2\/pages\/87"}],"wp:attachment":[{"href":"https:\/\/cbc-bcp.be\/fr\/wp-json\/wp\/v2\/media?parent=101"}],"curies":[{"name":"wp","href":"https:\/\/api.w.org\/{rel}","templated":true}]}}