{"id":103,"date":"2015-02-20T09:28:16","date_gmt":"2015-02-20T08:28:16","guid":{"rendered":"http:\/\/bcp.kobi.be\/?page_id=103"},"modified":"2022-08-30T11:19:23","modified_gmt":"2022-08-30T09:19:23","slug":"erkende-stamboeken-met-zetel-in-brussels-hoofstedelijk-gewest","status":"publish","type":"page","link":"https:\/\/cbc-bcp.be\/fr\/links\/fokkerij\/erkende-stamboeken-met-zetel-in-brussels-hoofstedelijk-gewest\/","title":{"rendered":"Stud-books agr\u00e9\u00e9s ayant leur si\u00e8ge en R\u00e9gion Bruxelles-Capitale"},"content":{"rendered":"<p><\/p>\n<header>\n<h3 class=\"title\">Stud-books agr\u00e9\u00e9s ayant leur si\u00e8ge en R\u00e9gion Bruxelles-Capitale<\/h3>\n<\/header>\n<div class=\"content clearfix\">\n<ul>\n<li><a title=\"Lien vers F\u00e9d\u00e9ration Belge des Courses Hippiques\" href=\"http:\/\/www.trotting.be\/\" target=\"_blank\" rel=\"noopener\">F\u00e9d\u00e9ration Belge des Courses Hippiques asbl<\/a><\/li>\n<li><a title=\"Lien vers Jockey-Club de Belgique\" href=\"http:\/\/www.bgalopf.be\/\" target=\"_blank\" rel=\"noopener\">Jockey-Club de Belgique asbl<\/a><\/li>\n<li><a title=\"Lien vers Soci\u00e9t\u00e9 Royale Le Cheval de Trait Belge\" href=\"http:\/\/www.kmbt-srctb.be\/\" target=\"_blank\" rel=\"noopener\">Soci\u00e9t\u00e9 Royale Le Cheval de Trait Belge asbl<\/a><\/li>\n<li>Stud-book du cheval de Dressage<\/li>\n<\/ul>\n<\/div>\n<p><\/p>","protected":false},"excerpt":{"rendered":"<p>Stud-books agr\u00e9\u00e9s ayant leur si\u00e8ge en R\u00e9gion Bruxelles-Capitale F\u00e9d\u00e9ration Belge des Courses Hippiques asbl Jockey-Club de Belgique asbl Soci\u00e9t\u00e9 Royale Le Cheval de Trait Belge asbl Stud-book du cheval de Dressage<\/p>\n","protected":false},"author":2,"featured_media":0,"parent":87,"menu_order":1,"comment_status":"open","ping_status":"closed","template":"","meta":{"footnotes":""},"class_list":["post-103","page","type-page","status-publish","hentry"],"_links":{"self":[{"href":"https:\/\/cbc-bcp.be\/fr\/wp-json\/wp\/v2\/pages\/103","targetHints":{"allow":["GET"]}}],"collection":[{"href":"https:\/\/cbc-bcp.be\/fr\/wp-json\/wp\/v2\/pages"}],"about":[{"href":"https:\/\/cbc-bcp.be\/fr\/wp-json\/wp\/v2\/types\/page"}],"author":[{"embeddable":true,"href":"https:\/\/cbc-bcp.be\/fr\/wp-json\/wp\/v2\/users\/2"}],"replies":[{"embeddable":true,"href":"https:\/\/cbc-bcp.be\/fr\/wp-json\/wp\/v2\/comments?post=103"}],"version-history":[{"count":2,"href":"https:\/\/cbc-bcp.be\/fr\/wp-json\/wp\/v2\/pages\/103\/revisions"}],"predecessor-version":[{"id":5228,"href":"https:\/\/cbc-bcp.be\/fr\/wp-json\/wp\/v2\/pages\/103\/revisions\/5228"}],"up":[{"embeddable":true,"href":"https:\/\/cbc-bcp.be\/fr\/wp-json\/wp\/v2\/pages\/87"}],"wp:attachment":[{"href":"https:\/\/cbc-bcp.be\/fr\/wp-json\/wp\/v2\/media?parent=103"}],"curies":[{"name":"wp","href":"https:\/\/api.w.org\/{rel}","templated":true}]}}