{"id":1685,"date":"2016-03-04T12:31:07","date_gmt":"2016-03-04T11:31:07","guid":{"rendered":"https:\/\/cbc-bcp.be\/?page_id=1685"},"modified":"2025-10-22T15:12:46","modified_gmt":"2025-10-22T13:12:46","slug":"documenten","status":"publish","type":"page","link":"https:\/\/cbc-bcp.be\/fr\/documenten\/","title":{"rendered":"Documents"},"content":{"rendered":"<p>Vous trouverez ici tous les documents \u00e0 t\u00e9l\u00e9charger mis \u00e0 disposition par la CBC.<\/p>\n<p><span style=\"text-decoration: underline;\"><strong>Documents \u00e0 disposition des <em>d\u00e9tenteurs<\/em><\/strong><\/span><\/p>\n<div class=\"box-warning\"> La nouvelle plateforme <a href=\"http:\/\/www.horseid.be\" target=\"_blank\" rel=\"noopener noreferrer\">HorseID<\/a>\u00a0 vous donne la possibilit\u00e9 d&rsquo;encoder des demandes\u00a0mutations directement dans la base de donn\u00e9es. <\/div>\n<p>A.\u00a0Formulaires de demandes d&rsquo;identification<\/p>\n<ul>\n<li><a href=\"https:\/\/cbc-bcp.be\/wp-content\/uploads\/2017\/05\/20170517-demande-didentification-partie-1-v-5.pdf\" target=\"_blank\" rel=\"noopener noreferrer\">Demande d&rsquo;identification &#8211; partie 1 &#8211; v5 Mai 2017<\/a><\/li>\n<li><a href=\"https:\/\/cbc-bcp.be\/wp-content\/uploads\/2017\/05\/20170517-demande-didentification-partie-2-\u00e9quid\u00e9-v-5.pdf\" target=\"_blank\" rel=\"noopener noreferrer\">Demande d&rsquo;identification &#8211; partie 2 &#8211; v5 &#8211; Mai 2017<\/a><\/li>\n<\/ul>\n<p>B. Formulaires de mutation<\/p>\n<ul>\n<li><a href=\"https:\/\/cbc-bcp.be\/wp-content\/uploads\/2022\/02\/FORM1-FR-V1-februari-2022-formulaire-de-mutation-2022-lieu-dexploitation-export-deces.pdf\" target=\"_blank\" rel=\"noopener noreferrer\">Formulaires de mutation n\u00b01 : changement de lieu d&rsquo;exploitation, export et d\u00e9c\u00e8s<\/a><\/li>\n<li><a href=\"https:\/\/cbc-bcp.be\/wp-content\/uploads\/2016\/03\/FORM2-FR-V4-mars-2016-formulaire-de-mutation-2016-changement-de-detenteur.pdf\" target=\"_blank\" rel=\"noopener noreferrer\">Formulaires de mutation n\u00b02 : changement de d\u00e9tenteur<\/a><\/li>\n<li><a href=\"https:\/\/cbc-bcp.be\/wp-content\/uploads\/2016\/03\/FORM3-FR-V2-mars-2016-formulaire-de-mutation-2016-adapatation-coordonn\u00e9es-du-d\u00e9tenteur.pdf\" target=\"_blank\" rel=\"noopener noreferrer\">Formulaires de mutation n\u00b03 : adaptations des coordonn\u00e9es du d\u00e9tenteur<\/a><\/li>\n<\/ul>\n<p>C. Formulaire de demande de duplicata<\/p>\n<ul>\n<li><a href=\"https:\/\/cbc-bcp.be\/wp-content\/uploads\/2017\/05\/Form_duplicata_FR-V1.pdf\" target=\"_blank\" rel=\"noopener noreferrer\">Formulaire de d\u00e9claration de perte et de demande de duplicata<\/a><\/li>\n<\/ul>\n<p><span style=\"text-decoration: underline;\"><strong>Documents \u00e0 disposition des\u00a0<em>v\u00e9t\u00e9rinaires Identificateurs\/ contr\u00f4leurs de studbooks<\/em>:<\/strong><\/span><\/p>\n<p>A. Signalement 2023<\/p>\n<ul>\n<li><a href=\"https:\/\/cbc-bcp.be\/wp-content\/uploads\/2023\/04\/Signalement-2023-FR.pdf\" target=\"_blank\" rel=\"noopener noreferrer\">Vademecum Le signalement des \u00e9quid\u00e9s, 2023<\/a><\/li>\n<li><a href=\"https:\/\/cbc-bcp.be\/wp-content\/uploads\/2022\/01\/codifi\u00e9-2016-sp\u00e9cimen.pdf\" target=\"_blank\" rel=\"noopener noreferrer\">Nouveau codifi\u00e9 2016 (exemple)<\/a><\/li>\n<li><a href=\"https:\/\/cbc-bcp.be\/wp-content\/uploads\/2016\/10\/livret_fei.pdf\" target=\"_blank\" rel=\"noopener noreferrer\">FEI : \u00ab\u00a0Identification des chevaux par le signalement descriptif et graphique\u00a0\u00bb<\/a><\/li>\n<li><a href=\"https:\/\/cbc-bcp.be\/wp-content\/uploads\/2016\/10\/IDE_28_PROCEDURE_ANES_MULETS_BARDOTS_02.pdf\" target=\"_blank\" rel=\"noopener noreferrer\">Fiche des haras nationaux relative aux particularit\u00e9s des \u00e2nes<\/a><\/li>\n<li><a href=\"https:\/\/cbc-bcp.be\/wp-content\/uploads\/2016\/10\/chataignes.pdf\" target=\"_blank\" rel=\"noopener noreferrer\">Diagramme \u00e0 utiliser pour dessiner les ch\u00e2taignes (si moins de 3 \u00e9pis ou autres marques)<\/a><\/li>\n<\/ul>\n<p>B. Formulaire de mutation<\/p>\n<div class=\"box-warning\"> La nouvelle plateforme <a href=\"http:\/\/www.horseid.be\" target=\"_blank\" rel=\"noopener noreferrer\">HorseID<\/a>\u00a0 vous donne la possibilit\u00e9 d&rsquo;encoder des mutations directement dans la base de donn\u00e9es. <\/div>\n<ul>\n<li><a href=\"https:\/\/cbc-bcp.be\/wp-content\/uploads\/2016\/06\/FORM4-FR-V2-mars-2016-V\u00e9t\u00e9rinaire-formulaire-de-mutation-2016-exclusion-et-remarquage.pdf\" target=\"_blank\" rel=\"noopener noreferrer\">Formulaire de mutation n\u00b04<\/a><\/li>\n<\/ul>\n<p>&nbsp;<\/p>\n<p>&nbsp;<\/p>","protected":false},"excerpt":{"rendered":"<p>Vous trouverez ici tous les documents \u00e0 t\u00e9l\u00e9charger mis \u00e0 disposition par la CBC. Documents \u00e0 disposition des d\u00e9tenteurs A.\u00a0Formulaires de demandes d&rsquo;identification Demande d&rsquo;identification &#8211; partie 1 &#8211; v5 Mai 2017 Demande d&rsquo;identification &#8211; partie 2 &#8211; v5 &#8211; Mai 2017 B. Formulaires de mutation Formulaires de mutation n\u00b01 : changement de lieu d&rsquo;exploitation, [&hellip;]<\/p>\n","protected":false},"author":2,"featured_media":0,"parent":0,"menu_order":0,"comment_status":"closed","ping_status":"closed","template":"","meta":{"footnotes":""},"class_list":["post-1685","page","type-page","status-publish","hentry"],"_links":{"self":[{"href":"https:\/\/cbc-bcp.be\/fr\/wp-json\/wp\/v2\/pages\/1685","targetHints":{"allow":["GET"]}}],"collection":[{"href":"https:\/\/cbc-bcp.be\/fr\/wp-json\/wp\/v2\/pages"}],"about":[{"href":"https:\/\/cbc-bcp.be\/fr\/wp-json\/wp\/v2\/types\/page"}],"author":[{"embeddable":true,"href":"https:\/\/cbc-bcp.be\/fr\/wp-json\/wp\/v2\/users\/2"}],"replies":[{"embeddable":true,"href":"https:\/\/cbc-bcp.be\/fr\/wp-json\/wp\/v2\/comments?post=1685"}],"version-history":[{"count":50,"href":"https:\/\/cbc-bcp.be\/fr\/wp-json\/wp\/v2\/pages\/1685\/revisions"}],"predecessor-version":[{"id":5653,"href":"https:\/\/cbc-bcp.be\/fr\/wp-json\/wp\/v2\/pages\/1685\/revisions\/5653"}],"wp:attachment":[{"href":"https:\/\/cbc-bcp.be\/fr\/wp-json\/wp\/v2\/media?parent=1685"}],"curies":[{"name":"wp","href":"https:\/\/api.w.org\/{rel}","templated":true}]}}