{"id":23,"date":"2015-02-20T08:55:49","date_gmt":"2015-02-20T08:55:49","guid":{"rendered":"http:\/\/bcp.kobi.be\/?page_id=23"},"modified":"2016-03-11T16:20:14","modified_gmt":"2016-03-11T15:20:14","slug":"geschiedenis","status":"publish","type":"page","link":"https:\/\/cbc-bcp.be\/fr\/bcp\/geschiedenis\/","title":{"rendered":"Historique"},"content":{"rendered":"<p><\/p>\n<h3>Historique de la Conf\u00e9d\u00e9ration belge du Cheval<\/h3>\n<h4>1981 : Fondation de la Conf\u00e9d\u00e9ration Belge du Cheval asbl (CBC)<\/h4>\n<p>La Conf\u00e9d\u00e9ration Belge du Cheval ABSL a \u00e9t\u00e9 fond\u00e9e en 1981 et est reconnue par le Minist\u00e8re de l\u2019Agriculture, principalement \u00e0 titre de la promotion de l\u2019\u00e9levage de chevaux belges.<\/p>\n<h4>2002 : Restructuration approfondie et cr\u00e9ation des divisions r\u00e9gionales<\/h4>\n<p>Faisant suite aux r\u00e9formes cons\u00e9cutives de l\u2019Etat et au partage des comp\u00e9tences en r\u00e9sultant, la structure de la Conf\u00e9d\u00e9ration a \u00e9t\u00e9 profond\u00e9ment adapt\u00e9e en 2002, afin d\u2019offrir \u00e0 chaque niveau une repr\u00e9sentation compl\u00e8te, structur\u00e9e et <strong>repr\u00e9sentative du secteur chevalin<\/strong> vis-\u00e0-vis des responsables de la gestion.<\/p>\n<p>Les mati\u00e8res influen\u00e7ant le secteur chevalin font d\u2019ailleurs partie aussi bien de la gestion du gouvernement f\u00e9d\u00e9ral que le gouvernement de la communaut\u00e9 et celui des R\u00e9gions. La Conf\u00e9d\u00e9ration souhaitait s\u2019organiser de telle mani\u00e8re, \u00e0 ce qu\u2019elle ait un interlocuteur appropri\u00e9 \u00e0 chaque niveau administratif. Par cons\u00e9quent, il a \u00e9t\u00e9 opt\u00e9 pour une division flamande (<strong>PaardenPunt Vlaanderen<\/strong>) et une wallonne (<strong>Conf\u00e9d\u00e9ration Wallonie \u2013 Bruxelles du Cheval<\/strong>) et toutes deux coiff\u00e9es au niveau national par la Conf\u00e9d\u00e9ration Belge du Cheval asbl.<\/p>\n<p>Lors de la cr\u00e9ation de la nouvelle structure, \u00e9norm\u00e9ment d\u2019attention a \u00e9t\u00e9 port\u00e9e \u00e0 un mode de repr\u00e9sentation \u00e9largi, mais surtout efficace, de tous les segments du secteur chevalin, et ce aux niveaux r\u00e9gional et f\u00e9d\u00e9ral. Aussi bien dans la division flamande que dans la division wallonne ont \u00e9t\u00e9 pr\u00e9vus <strong>trois piliers ou sous-secteurs<\/strong>, notamment: <strong>l\u2019\u00e9levage, les utilisateurs et les m\u00e9tiers \u2013 formation<\/strong>.<\/p>","protected":false},"excerpt":{"rendered":"<p>Historique de la Conf\u00e9d\u00e9ration belge du Cheval 1981 : Fondation de la Conf\u00e9d\u00e9ration Belge du Cheval asbl (CBC) La Conf\u00e9d\u00e9ration Belge du Cheval ABSL a \u00e9t\u00e9 fond\u00e9e en 1981 et est reconnue par le Minist\u00e8re de l\u2019Agriculture, principalement \u00e0 titre de la promotion de l\u2019\u00e9levage de chevaux belges. 2002 : Restructuration approfondie et cr\u00e9ation des [&hellip;]<\/p>\n","protected":false},"author":2,"featured_media":0,"parent":7,"menu_order":0,"comment_status":"open","ping_status":"open","template":"","meta":{"footnotes":""},"class_list":["post-23","page","type-page","status-publish","hentry"],"_links":{"self":[{"href":"https:\/\/cbc-bcp.be\/fr\/wp-json\/wp\/v2\/pages\/23","targetHints":{"allow":["GET"]}}],"collection":[{"href":"https:\/\/cbc-bcp.be\/fr\/wp-json\/wp\/v2\/pages"}],"about":[{"href":"https:\/\/cbc-bcp.be\/fr\/wp-json\/wp\/v2\/types\/page"}],"author":[{"embeddable":true,"href":"https:\/\/cbc-bcp.be\/fr\/wp-json\/wp\/v2\/users\/2"}],"replies":[{"embeddable":true,"href":"https:\/\/cbc-bcp.be\/fr\/wp-json\/wp\/v2\/comments?post=23"}],"version-history":[{"count":3,"href":"https:\/\/cbc-bcp.be\/fr\/wp-json\/wp\/v2\/pages\/23\/revisions"}],"predecessor-version":[{"id":1739,"href":"https:\/\/cbc-bcp.be\/fr\/wp-json\/wp\/v2\/pages\/23\/revisions\/1739"}],"up":[{"embeddable":true,"href":"https:\/\/cbc-bcp.be\/fr\/wp-json\/wp\/v2\/pages\/7"}],"wp:attachment":[{"href":"https:\/\/cbc-bcp.be\/fr\/wp-json\/wp\/v2\/media?parent=23"}],"curies":[{"name":"wp","href":"https:\/\/api.w.org\/{rel}","templated":true}]}}