{"id":269,"date":"2015-04-22T11:57:53","date_gmt":"2015-04-22T09:57:53","guid":{"rendered":"http:\/\/bcp.kobi.be\/?page_id=269"},"modified":"2015-05-27T12:45:17","modified_gmt":"2015-05-27T10:45:17","slug":"buitenlands-stamboekveulen","status":"publish","type":"page","link":"https:\/\/cbc-bcp.be\/fr\/identificatie\/procedure\/veulen\/buitenlands-stamboekveulen\/","title":{"rendered":"Poulain Stud-book \u00e9tranger"},"content":{"rendered":"<p><\/p>\n<h3>Poulain: Stud-book \u00e9tranger<\/h3>\n<h4>Identification d&rsquo;un poulain destin\u00e9 \u00e0 \u00eatre inscrit dans une association d\u2019\u00e9leveurs \u00e0 l\u2019\u00e9tranger<\/h4>\n<p>2 proc\u00e9dures d&rsquo;identification s&rsquo;offrent au d\u00e9tenteur:<\/p>\n<p><em><span style=\"text-decoration: underline;\">A. En cas de proc\u00e9dure ONLINE<\/span><\/em>&nbsp;(adresse email valide):<\/p>\n<ul>\n<li>Le d\u00e9tenteur s&rsquo;enregistre sur la plateforme CBC.<\/li>\n<li>Il introduit une demande d&rsquo;identification (formulaire online) et joint une&nbsp;copie du <em>\u00ab\u00a0certificat de saillie\u00a0\u00bb<\/em>&nbsp;. Ses donn\u00e9es personnelles seront pr\u00e9-encod\u00e9es.&nbsp;<\/li>\n<li>Afin d&rsquo;encoder et transmettre la demande, il devra proc\u00e9der \u00e0 un paiement s\u00e9curis\u00e9 en ligne. (sans paiement, la demande ne sera pas transmise \u00e0 la banque de donn\u00e9es centrale).<\/li>\n<li>Apr\u00e8s validation, <em>\u00ab\u00a0l&rsquo;attestation d&rsquo;identification pour \u00e9quid\u00e9\u00a0\u00bb&nbsp;<\/em>sera envoy\u00e9e par email au d\u00e9tenteur. D\u00e8s r\u00e9ception, le d\u00e9tenteur se chargera de prendre contact avec son v\u00e9t\u00e9rinaire identificateur et d&rsquo;imprimer les documents pour proc\u00e9der \u00e0 l&rsquo;identification de l&rsquo;\u00e9quid\u00e9.<\/li>\n<li>L&rsquo;attestation d&rsquo;identification compl\u00e9t\u00e9e devra \u00eatre renvoy\u00e9e dans les 5 jours ouvrables suivant l&rsquo;identification \u00e0 la CBC.<\/li>\n<li>Apr\u00e8s v\u00e9rification en encodage, le d\u00e9tenteur recevra une <em>\u00ab\u00a0confirmation d&rsquo;encodage<\/em><em>&nbsp;de l&rsquo;\u00e9quid\u00e9 dans la banque de donn\u00e9es centrale\u00a0\u00bb<\/em>.<\/li>\n<\/ul>\n<p><em><span style=\"text-decoration: underline;\">B. En cas de proc\u00e9dure PAPIER:<\/span><\/em><\/p>\n<ul>\n<li>Le &nbsp;d\u00e9tenteur imprime et compl\u00e8te le formulaire de <em>\u00ab\u00a0<a href=\"\/fr\/identification\/demande\">demande d&rsquo;identification<\/a>\u00ab\u00a0<\/em>&nbsp;et le renvoie \u00e0 la CBC en y joignant une copie du \u00ab\u00a0certificat de saillie\u00a0\u00bb<\/li>\n<li>La CBC proc\u00e8de \u00e0 l&rsquo;encodage et \u00e9dite une facture qui sera envoy\u00e9e par courrier postal.<\/li>\n<li>D\u00e8s r\u00e9ception et encodage du paiement, <em>\u00ab\u00a0l&rsquo;attestation d&rsquo;identification pour \u00e9quid\u00e9\u00a0\u00bb&nbsp;<\/em>sera envoy\u00e9e par courrier postal au d\u00e9tenteur, qui devra d\u00e8s lors contacter son v\u00e9t\u00e9rinaire identificateur pour proc\u00e9der \u00e0 l&rsquo;identification de l&rsquo;\u00e9quid\u00e9.<\/li>\n<li>Les documents remplis seront renvoy\u00e9s&nbsp;(par courrier postal)&nbsp;dans les 5 jours ouvrables suivant l&rsquo;identification \u00e0 la CBC.<\/li>\n<li>Apr\u00e8s v\u00e9rification et encodage, le d\u00e9tenteur recevra par courrier postal une <em>\u00ab\u00a0confirmation d&rsquo;encodage de l&rsquo;\u00e9quid\u00e9 dans la banque de donn\u00e9es centrale\u00a0\u00bb<\/em>.<\/li>\n<\/ul>\n<p>L\u2019<strong>inscription du cheval dans le stud-book \u00e9tranger<\/strong>&nbsp;se fait selon les modalit\u00e9s du stud-book \u00e9tranger qui d\u00e9livrera le passeport (conforme \u00e0 l&rsquo;UE).<\/p>\n<p>Si le stud-book \u00e9tranger ne d\u00e9livre pas de&nbsp;<strong>passeport conforme \u00e0 l\u2019UE<\/strong>, le propri\u00e9taire peut s\u2019adresser \u00e0 une association d\u2019\u00e9leveurs de la race concern\u00e9e agr\u00e9\u00e9e en Belgique.<br \/>Si toutefois, il n\u2019existe pas d\u2019association d\u2019\u00e9leveurs pour cette race ou si l\u2019association d\u2019\u00e9leveurs agr\u00e9\u00e9e en Belgique n\u2019est pas en mesure de r\u00e9pondre \u00e0 cette demande, le d\u00e9tenteur devra s\u2019adresser au gestionnaire de la banque de donn\u00e9es, qui d\u00e9livrera un&nbsp;<strong>Equipas<\/strong>&nbsp;n\u2019ayant aucun rapport avec la preuve d\u2019origine existante.<\/p>\n<p><\/p>","protected":false},"excerpt":{"rendered":"<p>Poulain: Stud-book \u00e9tranger Identification d&rsquo;un poulain destin\u00e9 \u00e0 \u00eatre inscrit dans une association d\u2019\u00e9leveurs \u00e0 l\u2019\u00e9tranger 2 proc\u00e9dures d&rsquo;identification s&rsquo;offrent au d\u00e9tenteur: A. En cas de proc\u00e9dure ONLINE&nbsp;(adresse email valide): Le d\u00e9tenteur s&rsquo;enregistre sur la plateforme CBC. Il introduit une demande d&rsquo;identification (formulaire online) et joint une&nbsp;copie du \u00ab\u00a0certificat de saillie\u00a0\u00bb&nbsp;. Ses donn\u00e9es personnelles seront [&hellip;]<\/p>\n","protected":false},"author":2,"featured_media":0,"parent":55,"menu_order":3,"comment_status":"open","ping_status":"closed","template":"","meta":{"footnotes":""},"class_list":["post-269","page","type-page","status-publish","hentry"],"_links":{"self":[{"href":"https:\/\/cbc-bcp.be\/fr\/wp-json\/wp\/v2\/pages\/269","targetHints":{"allow":["GET"]}}],"collection":[{"href":"https:\/\/cbc-bcp.be\/fr\/wp-json\/wp\/v2\/pages"}],"about":[{"href":"https:\/\/cbc-bcp.be\/fr\/wp-json\/wp\/v2\/types\/page"}],"author":[{"embeddable":true,"href":"https:\/\/cbc-bcp.be\/fr\/wp-json\/wp\/v2\/users\/2"}],"replies":[{"embeddable":true,"href":"https:\/\/cbc-bcp.be\/fr\/wp-json\/wp\/v2\/comments?post=269"}],"version-history":[{"count":1,"href":"https:\/\/cbc-bcp.be\/fr\/wp-json\/wp\/v2\/pages\/269\/revisions"}],"predecessor-version":[{"id":508,"href":"https:\/\/cbc-bcp.be\/fr\/wp-json\/wp\/v2\/pages\/269\/revisions\/508"}],"up":[{"embeddable":true,"href":"https:\/\/cbc-bcp.be\/fr\/wp-json\/wp\/v2\/pages\/55"}],"wp:attachment":[{"href":"https:\/\/cbc-bcp.be\/fr\/wp-json\/wp\/v2\/media?parent=269"}],"curies":[{"name":"wp","href":"https:\/\/api.w.org\/{rel}","templated":true}]}}