{"id":27,"date":"2015-02-20T08:56:14","date_gmt":"2015-02-20T08:56:14","guid":{"rendered":"http:\/\/bcp.kobi.be\/?page_id=27"},"modified":"2015-09-24T23:50:38","modified_gmt":"2015-09-24T21:50:38","slug":"organigram","status":"publish","type":"page","link":"https:\/\/cbc-bcp.be\/fr\/bcp\/organigram\/","title":{"rendered":"Organigramme"},"content":{"rendered":"<p><\/p>\n<ul class=\"level2\">\n<li class=\"level2 active\"><a class=\"level2\" href=\"https:\/\/cbc-bcp.be\/fr\/bcp\/organigram\/medewerkers\/\">Collaborateurs<\/a><\/li>\n<li class=\"level2 active\"><a class=\"level2\" href=\"https:\/\/cbc-bcp.be\/fr\/bcp\/organigram\/raad-van-bestuur\/\">Conseil d&rsquo;administration<\/a><\/li>\n<li class=\"level2 active\"><a class=\"level2\" href=\"https:\/\/cbc-bcp.be\/fr\/bcp\/organigram\/algemene-vergadering\/\">Assembl\u00e9e G\u00e9n\u00e9rale<\/a><\/li>\n<\/ul>\n<p><\/p>","protected":false},"excerpt":{"rendered":"<p>Collaborateurs Conseil d&rsquo;administration Assembl\u00e9e G\u00e9n\u00e9rale<\/p>\n","protected":false},"author":2,"featured_media":0,"parent":7,"menu_order":2,"comment_status":"open","ping_status":"open","template":"","meta":{"footnotes":""},"class_list":["post-27","page","type-page","status-publish","hentry"],"_links":{"self":[{"href":"https:\/\/cbc-bcp.be\/fr\/wp-json\/wp\/v2\/pages\/27","targetHints":{"allow":["GET"]}}],"collection":[{"href":"https:\/\/cbc-bcp.be\/fr\/wp-json\/wp\/v2\/pages"}],"about":[{"href":"https:\/\/cbc-bcp.be\/fr\/wp-json\/wp\/v2\/types\/page"}],"author":[{"embeddable":true,"href":"https:\/\/cbc-bcp.be\/fr\/wp-json\/wp\/v2\/users\/2"}],"replies":[{"embeddable":true,"href":"https:\/\/cbc-bcp.be\/fr\/wp-json\/wp\/v2\/comments?post=27"}],"version-history":[{"count":2,"href":"https:\/\/cbc-bcp.be\/fr\/wp-json\/wp\/v2\/pages\/27\/revisions"}],"predecessor-version":[{"id":1040,"href":"https:\/\/cbc-bcp.be\/fr\/wp-json\/wp\/v2\/pages\/27\/revisions\/1040"}],"up":[{"embeddable":true,"href":"https:\/\/cbc-bcp.be\/fr\/wp-json\/wp\/v2\/pages\/7"}],"wp:attachment":[{"href":"https:\/\/cbc-bcp.be\/fr\/wp-json\/wp\/v2\/media?parent=27"}],"curies":[{"name":"wp","href":"https:\/\/api.w.org\/{rel}","templated":true}]}}