{"id":280,"date":"2015-04-22T12:13:36","date_gmt":"2015-04-22T10:13:36","guid":{"rendered":"http:\/\/bcp.kobi.be\/?page_id=280"},"modified":"2015-09-25T00:29:03","modified_gmt":"2015-09-24T22:29:03","slug":"paard-zonder-vastgestelde-origine","status":"publish","type":"page","link":"https:\/\/cbc-bcp.be\/fr\/identificatie\/procedure\/andere-paarden\/paard-zonder-vastgestelde-origine\/","title":{"rendered":"Cheval origine non d\u00e9finie"},"content":{"rendered":"<p><\/p>\n<h3>Cheval origine non d\u00e9finie<\/h3>\n<h4>Identification d&rsquo;un cheval qui n&rsquo;est pas inscrit dans une association d&rsquo;\u00e9leveurs (origine non d\u00e9finie)<\/h4>\n<p>2 proc\u00e9dures d&rsquo;identification s&rsquo;offrent au d\u00e9tenteur<\/p>\n<p><em><span style=\"text-decoration: underline;\">A. En cas de proc\u00e9dure ONLINE<\/span><\/em>\u00a0(adresse email valide):<\/p>\n<ul>\n<li>Le d\u00e9tenteur s&rsquo;enregistre sur la plateforme CBC.<\/li>\n<li>Il introduit une <em>\u00ab\u00a0demande d&rsquo;identification\u00a0\u00bb<\/em> (formulaire online). Ses donn\u00e9es personnelles seront pr\u00e9-encod\u00e9es.<\/li>\n<li>Afin d&rsquo;encoder et transmettre la demande, il devra proc\u00e9der \u00e0 un paiement s\u00e9curis\u00e9 en ligne. (sans paiement, la demande ne sera pas transmise \u00e0 la banque de donn\u00e9es centrale).<\/li>\n<li>Apr\u00e8s validation, <em>\u00ab\u00a0l&rsquo;attestation d&rsquo;identification pour \u00e9quid\u00e9\u00a0\u00bb<\/em> sera envoy\u00e9e par email au d\u00e9tenteur. D\u00e8s r\u00e9ception, le d\u00e9tenteur se chargera de prendre contact avec son v\u00e9t\u00e9rinaire identificateur et d&rsquo;imprimer les documents pour proc\u00e9der \u00e0 l&rsquo;identification de l&rsquo;\u00e9quid\u00e9.<\/li>\n<li>L&rsquo;attestation d&rsquo;identification compl\u00e9t\u00e9e devra \u00eatre renvoy\u00e9e dans les 5 jours ouvrables suivant l&rsquo;identification \u00e0 la CBC.<\/li>\n<li>Apr\u00e8s v\u00e9rification en encodage, le d\u00e9tenteur recevra une<em> \u00ab\u00a0confirmation d&rsquo;encodage de l&rsquo;\u00e9quid\u00e9 dans la banque de donn\u00e9es centrale\u00a0\u00bb<\/em>.<\/li>\n<li>Un passeport (equipas) sera \u00e9galement d\u00e9livr\u00e9 et envoy\u00e9 par courrier postal au d\u00e9tenteur.<\/li>\n<\/ul>\n<p><em><span style=\"text-decoration: underline;\">B. En cas de proc\u00e9dure PAPIER:<\/span><\/em><\/p>\n<ul>\n<li>Le \u00a0d\u00e9tenteur imprime et compl\u00e8te le formulaire de <em>\u00ab\u00a0<a href=\"https:\/\/cbc-bcp.be\/fr\/identificatie\/identificatie-aanvraag\/\">demande d&rsquo;identification<\/a>\u00ab\u00a0<\/em>\u00a0\u00a0et le renvoie \u00e0 la Conf\u00e9d\u00e9ration Belge du Cheval.<\/li>\n<li>La CBC proc\u00e8de \u00e0 l&rsquo;encodage et \u00e9dite une facture qui sera envoy\u00e9e par courrier postal.<\/li>\n<li>D\u00e8s r\u00e9ception et encodage du paiement,\u00a0<em>\u00ab\u00a0l&rsquo;attestation d&rsquo;identification pour \u00e9quid\u00e9\u00a0\u00bb\u00a0<\/em>sera envoy\u00e9e par courrier postal au d\u00e9tenteur, qui devra d\u00e8s lors contacter son v\u00e9t\u00e9rinaire identificateur pour proc\u00e9der \u00e0 l&rsquo;identification de l&rsquo;\u00e9qudi\u00e9<\/li>\n<li>Les documents remplis devront \u00eatre renvoy\u00e9s (par courrier postal)\u00a0dans les 5 jours ouvrables suivant l&rsquo;identification \u00e0 la CBC.<\/li>\n<li>Apr\u00e8s v\u00e9rification et encodage, le d\u00e9tenteur recevra par courrier postal une <em>\u00ab\u00a0confirmation d&rsquo;encodage de l&rsquo;\u00e9quid\u00e9 dans la banque de donn\u00e9es centrale\u00a0\u00bb<\/em>.<\/li>\n<li>Un passeport (equipas) sera \u00e9galement d\u00e9livr\u00e9 et envoy\u00e9 par courrier postal au d\u00e9tenteur.<\/li>\n<\/ul>\n<p><\/p>","protected":false},"excerpt":{"rendered":"<p>Cheval origine non d\u00e9finie Identification d&rsquo;un cheval qui n&rsquo;est pas inscrit dans une association d&rsquo;\u00e9leveurs (origine non d\u00e9finie) 2 proc\u00e9dures d&rsquo;identification s&rsquo;offrent au d\u00e9tenteur A. En cas de proc\u00e9dure ONLINE\u00a0(adresse email valide): Le d\u00e9tenteur s&rsquo;enregistre sur la plateforme CBC. Il introduit une \u00ab\u00a0demande d&rsquo;identification\u00a0\u00bb (formulaire online). Ses donn\u00e9es personnelles seront pr\u00e9-encod\u00e9es. Afin d&rsquo;encoder et transmettre [&hellip;]<\/p>\n","protected":false},"author":2,"featured_media":0,"parent":57,"menu_order":0,"comment_status":"open","ping_status":"closed","template":"","meta":{"footnotes":""},"class_list":["post-280","page","type-page","status-publish","hentry"],"_links":{"self":[{"href":"https:\/\/cbc-bcp.be\/fr\/wp-json\/wp\/v2\/pages\/280","targetHints":{"allow":["GET"]}}],"collection":[{"href":"https:\/\/cbc-bcp.be\/fr\/wp-json\/wp\/v2\/pages"}],"about":[{"href":"https:\/\/cbc-bcp.be\/fr\/wp-json\/wp\/v2\/types\/page"}],"author":[{"embeddable":true,"href":"https:\/\/cbc-bcp.be\/fr\/wp-json\/wp\/v2\/users\/2"}],"replies":[{"embeddable":true,"href":"https:\/\/cbc-bcp.be\/fr\/wp-json\/wp\/v2\/comments?post=280"}],"version-history":[{"count":2,"href":"https:\/\/cbc-bcp.be\/fr\/wp-json\/wp\/v2\/pages\/280\/revisions"}],"predecessor-version":[{"id":1054,"href":"https:\/\/cbc-bcp.be\/fr\/wp-json\/wp\/v2\/pages\/280\/revisions\/1054"}],"up":[{"embeddable":true,"href":"https:\/\/cbc-bcp.be\/fr\/wp-json\/wp\/v2\/pages\/57"}],"wp:attachment":[{"href":"https:\/\/cbc-bcp.be\/fr\/wp-json\/wp\/v2\/media?parent=280"}],"curies":[{"name":"wp","href":"https:\/\/api.w.org\/{rel}","templated":true}]}}