{"id":33,"date":"2015-02-20T08:59:54","date_gmt":"2015-02-20T07:59:54","guid":{"rendered":"http:\/\/bcp.kobi.be\/?page_id=33"},"modified":"2025-04-18T09:49:35","modified_gmt":"2025-04-18T07:49:35","slug":"medewerkers","status":"publish","type":"page","link":"https:\/\/cbc-bcp.be\/fr\/bcp\/organigram\/medewerkers\/","title":{"rendered":"Collaborateurs"},"content":{"rendered":"<p><\/p>\n<h3>Collaborateurs<\/h3>\n<p>Si vous d\u00e9sirez de plus amples informations, n\u2019h\u00e9sitez pas \u00e0 nous contacter.<br \/>\nVeuillez trouver ci-dessous nos coordonn\u00e9es:<\/p>\n<p>Conf\u00e9d\u00e9ration Belge du Cheval asbl<br \/>\nBelgicastraat 9\/3<br \/>\nB &#8211; 1930 ZAVENTEM<br \/>\nT : +32 (0)2 478 27 54<br \/>\nF : +32 (0)2 242 26 44<br \/>\nE : <a href=\"mailto:info@cbc-bcp.be\">info@cbc-bcp.be<\/a><\/p>\n<p>TVA BE 421 772 826<br \/>\nIBAN BE90 3751 0083 6532<br \/>\nBIC BBRUBEBB<\/p>\n<p>Horaire d\u2019ouverture :<br \/>\nDu lundi au vendredi : de 9h00 \u00e0 12h00 et de 13h \u00e0\u00a015h<\/p>\n<p>&nbsp;<\/p>\n<table style=\"height: 298px; width: 550px;\">\n<tbody>\n<tr>\n<td style=\"width: 416px;\"><\/td>\n<td style=\"width: 565px; text-align: center;\"><img loading=\"lazy\" decoding=\"async\" class=\"aligncenter wp-image-4859\" src=\"https:\/\/cbc-bcp.be\/wp-content\/uploads\/2021\/10\/IMG_20211022_135118__01-lk-goed-846x1024.jpg\" alt=\"bcp cbc medewerker\" width=\"170\" height=\"206\" srcset=\"https:\/\/cbc-bcp.be\/wp-content\/uploads\/2021\/10\/IMG_20211022_135118__01-lk-goed-846x1024.jpg 846w, https:\/\/cbc-bcp.be\/wp-content\/uploads\/2021\/10\/IMG_20211022_135118__01-lk-goed-248x300.jpg 248w, https:\/\/cbc-bcp.be\/wp-content\/uploads\/2021\/10\/IMG_20211022_135118__01-lk-goed-768x929.jpg 768w, https:\/\/cbc-bcp.be\/wp-content\/uploads\/2021\/10\/IMG_20211022_135118__01-lk-goed-1269x1536.jpg 1269w, https:\/\/cbc-bcp.be\/wp-content\/uploads\/2021\/10\/IMG_20211022_135118__01-lk-goed-1692x2048.jpg 1692w\" sizes=\"auto, (max-width: 170px) 100vw, 170px\" \/><\/td>\n<td style=\"width: 366px;\"><img loading=\"lazy\" decoding=\"async\" class=\"aligncenter wp-image-4853\" src=\"https:\/\/cbc-bcp.be\/wp-content\/uploads\/2021\/10\/IMG_20211022_135259-jov-769x1024.jpg\" alt=\"cbc bcp medewerker\" width=\"155\" height=\"206\" srcset=\"https:\/\/cbc-bcp.be\/wp-content\/uploads\/2021\/10\/IMG_20211022_135259-jov-769x1024.jpg 769w, https:\/\/cbc-bcp.be\/wp-content\/uploads\/2021\/10\/IMG_20211022_135259-jov-225x300.jpg 225w, https:\/\/cbc-bcp.be\/wp-content\/uploads\/2021\/10\/IMG_20211022_135259-jov-768x1023.jpg 768w, https:\/\/cbc-bcp.be\/wp-content\/uploads\/2021\/10\/IMG_20211022_135259-jov-1153x1536.jpg 1153w, https:\/\/cbc-bcp.be\/wp-content\/uploads\/2021\/10\/IMG_20211022_135259-jov-1538x2048.jpg 1538w, https:\/\/cbc-bcp.be\/wp-content\/uploads\/2021\/10\/IMG_20211022_135259-jov-scaled.jpg 1922w\" sizes=\"auto, (max-width: 155px) 100vw, 155px\" \/><\/td>\n<\/tr>\n<tr>\n<td style=\"width: 416px; text-align: center;\"><\/td>\n<td style=\"width: 565px; text-align: center;\">Liana KNAPEN<br \/>\nCollaborateur administratif<br \/>\n<a href=\"mailto:info@cbc-bcp.be\">info@cbc-bcp.be<\/a><\/td>\n<td style=\"width: 366px; text-align: center;\">Joeri VANAVERMAETE<br \/>\nCollaborateur administratif<br \/>\n<a href=\"mailto:info@horseid.be\">info@horseid.be<\/a><\/td>\n<\/tr>\n<\/tbody>\n<\/table>\n<p><\/p>","protected":false},"excerpt":{"rendered":"<p>Collaborateurs Si vous d\u00e9sirez de plus amples informations, n\u2019h\u00e9sitez pas \u00e0 nous contacter. Veuillez trouver ci-dessous nos coordonn\u00e9es: Conf\u00e9d\u00e9ration Belge du Cheval asbl Belgicastraat 9\/3 B &#8211; 1930 ZAVENTEM T : +32 (0)2 478 27 54 F : +32 (0)2 242 26 44 E : info@cbc-bcp.be TVA BE 421 772 826 IBAN BE90 3751 0083 [&hellip;]<\/p>\n","protected":false},"author":2,"featured_media":0,"parent":27,"menu_order":0,"comment_status":"open","ping_status":"closed","template":"","meta":{"footnotes":""},"class_list":["post-33","page","type-page","status-publish","hentry"],"_links":{"self":[{"href":"https:\/\/cbc-bcp.be\/fr\/wp-json\/wp\/v2\/pages\/33","targetHints":{"allow":["GET"]}}],"collection":[{"href":"https:\/\/cbc-bcp.be\/fr\/wp-json\/wp\/v2\/pages"}],"about":[{"href":"https:\/\/cbc-bcp.be\/fr\/wp-json\/wp\/v2\/types\/page"}],"author":[{"embeddable":true,"href":"https:\/\/cbc-bcp.be\/fr\/wp-json\/wp\/v2\/users\/2"}],"replies":[{"embeddable":true,"href":"https:\/\/cbc-bcp.be\/fr\/wp-json\/wp\/v2\/comments?post=33"}],"version-history":[{"count":24,"href":"https:\/\/cbc-bcp.be\/fr\/wp-json\/wp\/v2\/pages\/33\/revisions"}],"predecessor-version":[{"id":5633,"href":"https:\/\/cbc-bcp.be\/fr\/wp-json\/wp\/v2\/pages\/33\/revisions\/5633"}],"up":[{"embeddable":true,"href":"https:\/\/cbc-bcp.be\/fr\/wp-json\/wp\/v2\/pages\/27"}],"wp:attachment":[{"href":"https:\/\/cbc-bcp.be\/fr\/wp-json\/wp\/v2\/media?parent=33"}],"curies":[{"name":"wp","href":"https:\/\/api.w.org\/{rel}","templated":true}]}}