{"id":39,"date":"2015-02-20T09:03:13","date_gmt":"2015-02-20T09:03:13","guid":{"rendered":"http:\/\/bcp.kobi.be\/?page_id=39"},"modified":"2019-01-24T14:40:28","modified_gmt":"2019-01-24T13:40:28","slug":"procedure","status":"publish","type":"page","link":"https:\/\/cbc-bcp.be\/fr\/identificatie\/procedure\/","title":{"rendered":"Procedure"},"content":{"rendered":"<p><\/p>\n<ul class=\"level2\">\n<li class=\"level2 active\"><a class=\"level2\" href=\"https:\/\/cbc-bcp.be\/fr\/identificatie\/procedure\/veulen\/\">Poulains<\/a>\n<ul>\n<li class=\"level2 active\"><a class=\"level2\" href=\"https:\/\/cbc-bcp.be\/fr\/identificatie\/procedure\/veulen\/belgisch-stamboekveulen\/\">Poulain Stud-book belge<\/a><\/li>\n<li class=\"level2 active\"><a class=\"level2\" href=\"https:\/\/cbc-bcp.be\/fr\/identificatie\/procedure\/veulen\/veulen-zonder-vastgestelde-origine\/\">Poulain Origine non d\u00e9finie<\/a><\/li>\n<li class=\"level2 active\"><a class=\"level2\" href=\"https:\/\/cbc-bcp.be\/fr\/identificatie\/procedure\/veulen\/buitenlands-stamboekveulen\/\">Poulain Stud-book \u00e9tranger<\/a><\/li>\n<li class=\"level2 active\"><a class=\"level2\" href=\"https:\/\/cbc-bcp.be\/fr\/identificatie\/procedure\/veulen\/slachtveulen\/\">Poulain d&rsquo;abattage<\/a><\/li>\n<\/ul>\n<\/li>\n<li class=\"level2 active\"><a class=\"level2\" href=\"https:\/\/cbc-bcp.be\/fr\/identificatie\/procedure\/andere-paarden\/\">Chevaux<\/a>\n<ul>\n<li class=\"level2 active\"><a class=\"level2\" href=\"https:\/\/cbc-bcp.be\/fr\/identificatie\/procedure\/andere-paarden\/stamboekpaard\/\">Cheval Stud-book belge<\/a><\/li>\n<li class=\"level2 active\"><a class=\"level2\" href=\"https:\/\/cbc-bcp.be\/fr\/identificatie\/procedure\/andere-paarden\/paard-zonder-vastgestelde-origine\/\">Cheval origine non d\u00e9finie<\/a><\/li>\n<li class=\"level2 active\"><a class=\"level2\" href=\"https:\/\/cbc-bcp.be\/fr\/identificatie\/procedure\/andere-paarden\/buitenlands-stamboekpaard\/\">Cheval Stud-book \u00e9tranger<\/a><\/li>\n<\/ul>\n<\/li>\n<li><a href=\"https:\/\/cbc-bcp.be\/fr\/identificatie\/procedure\/handleiding-horseid-video\/\">Manuel HorseID Vid\u00e9o<\/a><\/li>\n<\/ul>\n<p><\/p>","protected":false},"excerpt":{"rendered":"<p>Poulains Poulain Stud-book belge Poulain Origine non d\u00e9finie Poulain Stud-book \u00e9tranger Poulain d&rsquo;abattage Chevaux Cheval Stud-book belge Cheval origine non d\u00e9finie Cheval Stud-book \u00e9tranger Manuel HorseID Vid\u00e9o<\/p>\n","protected":false},"author":2,"featured_media":0,"parent":9,"menu_order":0,"comment_status":"open","ping_status":"open","template":"","meta":{"footnotes":""},"class_list":["post-39","page","type-page","status-publish","hentry"],"_links":{"self":[{"href":"https:\/\/cbc-bcp.be\/fr\/wp-json\/wp\/v2\/pages\/39","targetHints":{"allow":["GET"]}}],"collection":[{"href":"https:\/\/cbc-bcp.be\/fr\/wp-json\/wp\/v2\/pages"}],"about":[{"href":"https:\/\/cbc-bcp.be\/fr\/wp-json\/wp\/v2\/types\/page"}],"author":[{"embeddable":true,"href":"https:\/\/cbc-bcp.be\/fr\/wp-json\/wp\/v2\/users\/2"}],"replies":[{"embeddable":true,"href":"https:\/\/cbc-bcp.be\/fr\/wp-json\/wp\/v2\/comments?post=39"}],"version-history":[{"count":4,"href":"https:\/\/cbc-bcp.be\/fr\/wp-json\/wp\/v2\/pages\/39\/revisions"}],"predecessor-version":[{"id":4547,"href":"https:\/\/cbc-bcp.be\/fr\/wp-json\/wp\/v2\/pages\/39\/revisions\/4547"}],"up":[{"embeddable":true,"href":"https:\/\/cbc-bcp.be\/fr\/wp-json\/wp\/v2\/pages\/9"}],"wp:attachment":[{"href":"https:\/\/cbc-bcp.be\/fr\/wp-json\/wp\/v2\/media?parent=39"}],"curies":[{"name":"wp","href":"https:\/\/api.w.org\/{rel}","templated":true}]}}