{"id":406,"date":"2015-04-23T11:28:58","date_gmt":"2015-04-23T09:28:58","guid":{"rendered":"http:\/\/bcp.kobi.be\/?page_id=406"},"modified":"2015-05-27T12:59:10","modified_gmt":"2015-05-27T10:59:10","slug":"verzekeringen","status":"publish","type":"page","link":"https:\/\/cbc-bcp.be\/fr\/informatie\/federale-dossiers\/veiligheid-verkeer-en-verzekeringen\/verzekeringen\/","title":{"rendered":"Assurances"},"content":{"rendered":"<p><\/p>\n<header>\n<h3 class=\"title\">Assurances<\/h3>\n<\/header>\n<div class=\"content clearfix\">\n<h3>Une assurance vie pour votre cheval<\/h3>\n<p><strong>L\u2019assurance vie en cas de d\u00e9c\u00e8s<\/strong> pour votre cheval couvre tous les risques de mortalit\u00e9 suite \u00e0 maladies (coliques, etc.), accidents (y compris l\u2019abattage pour raison humanitaire), le transport (y compris par avion), l\u2019incendie, la foudre, l\u2019\u00e9lectrocution, la noyade et le vol. Dans ces cas, l\u2019assureur garantit le remboursement de 100% de la valeur assur\u00e9e ainsi que les frais d\u2019hospitalisation pour coliques. Une extension de l\u2019assurance pour les <strong>frais d\u2019hospitalisation<\/strong> suite \u00e0 maladie et accident ainsi que pour <strong>invalidit\u00e9 <\/strong>(si le cheval est rendu impropre \u00e0 l\u2019usage auquel il est destin\u00e9 de mani\u00e8re permanente) est \u00e9galement possible.<\/p>\n<p>Les <strong>primes<\/strong> de cette assurance d\u00e9pendent de l\u2019\u00e2ge du cheval ainsi que de l\u2019usage et la valeur assur\u00e9e.<\/p>\n<h3><img loading=\"lazy\" decoding=\"async\" class=\"alignleft size-full wp-image-407\" src=\"https:\/\/cbc-bcp.be-content\/uploads\/2015\/04\/assurances-verzekeringen.jpg\" alt=\"chute1\" width=\"175\" height=\"117\" \/>Assurance du cavalier<\/h3>\n<p>Un cavalier peut prendre une <strong>assurance accidents personnelle<\/strong>, qui couvre tous les risques d\u2019accident, qui peuvent arriver au moment o\u00f9 le cavalier monte ou soigne le cheval. Dans cette assurance, un montant peut \u00eatre pr\u00e9vu en cas de d\u00e9c\u00e8s, d\u2019invalidit\u00e9 permanente, d\u2019incapacit\u00e9 temporaire de travail ainsi que les frais m\u00e9dicaux.<\/p>\n<h3>L\u2019assurance familiale \u2013 Responsabilit\u00e9 civile<\/h3>\n<p>Le Code Civil pr\u00e9voit que le propri\u00e9taire ou le d\u00e9tenteur de chevaux est responsable des cons\u00e9quences d\u2019un<strong>dommage<\/strong> caus\u00e9s par les chevaux \u00e0 des tiers, aussi bien en cas de dommages corporels que mat\u00e9riels. Si vous pratiquez l\u2019\u00e9quitation, l&rsquo;assurance responsabilit\u00e9 civile n\u2019est donc certainement pas un luxe. Pour les particuliers (loisirs), ces risques peuvent \u00eatre couverts par la <strong>Responsabilit\u00e9 civile de l\u2019assurance familiale<\/strong>, par laquelle tous les dommages, commis par les membres de la famille et leurs animaux ou animaux sous surveillance (monitoring) vis-\u00e0-vis de tiers sont couverts.<\/p>\n<p>L\u2019assurance Responsabilit\u00e9 Civile garantit l\u2019assur\u00e9 contre :<\/p>\n<ul>\n<li>La responsabilit\u00e9 civile des cons\u00e9quences d\u2019un dommage pouvant \u00eatre caus\u00e9 par un cheval assur\u00e9 et son \u00e9ventuel attelage.<\/li>\n<li>La responsabilit\u00e9 de chaque autre personne, qui a caus\u00e9 des dommages avec votre cheval et qui n\u2019a pas d\u2019assurance propre.<\/li>\n<\/ul>\n<p>! Attention : tous les \u00e9ventuels dommages au cheval lui-m\u00eame ne sont pas assur\u00e9s dans ce cas !<\/p>\n<p><strong>L\u2019aide juridique<\/strong> couvre:<\/p>\n<ul>\n<li>La r\u00e9cup\u00e9ration des dommages qu\u2019un tiers a provoqu\u00e9s \u00e0 la personne assur\u00e9e.<\/li>\n<li>L\u2019indemnisation de vos dommages si le tiers responsable est insolvable<\/li>\n<li>La d\u00e9fense p\u00e9nale des assur\u00e9s, les frais d\u2019une expertise technique, etc.<\/li>\n<\/ul>\n<p>Vous devez toutefois communiquer <strong>le nombre de chevaux<\/strong>, dont vous \u00eates propri\u00e9taire, \u00e0 votre compagnie d&rsquo;assurance. Du point de vue de l&rsquo;assurance, une personne priv\u00e9e peut \u00eatre en possession d\u2019un nombre limit\u00e9 de chevaux afin d\u2019\u00eatre consid\u00e9r\u00e9e comme \u00abpriv\u00e9\u00bb. Il est suppos\u00e9 que toute personne, qui poss\u00e8de une dizaine de chevaux ou plus, ne peut plus \u00eatre consid\u00e9r\u00e9e comme \u00ab priv\u00e9 \u00bb. Il est tr\u00e8s important que vous vous informiez aupr\u00e8s de votre compagnie d&rsquo;assurance pour en savoir le plus. L&rsquo;assurance responsabilit\u00e9 civile pour les chevaux est g\u00e9n\u00e9ralement limit\u00e9e \u00e0 un certain nombre de chevaux. Si vous d\u00e9passez cette limite, vous n\u2019\u00eates plus assur\u00e9.<\/p>\n<p>N\u00e9anmoins, un cavalier qui <strong>utilise r\u00e9guli\u00e8rement un cheval<\/strong> (par exemple pour une randonn\u00e9e ou un concours) peut \u00e9largir sa police avec l\u2019assurance \u00ab Dommages aux chevaux-m\u00eames et au mat\u00e9riel \u00bb (par exemple la selle).<\/p>\n<p>Prenez certainement contact avec <strong>votre courtier ou votre compagnie d&rsquo;assurance<\/strong> et discutez de votre situation, afin de conna\u00eetre tous les risques, pour lesquels vous \u00eates assur\u00e9.<\/p>\n<\/div>\n<p><\/p>","protected":false},"excerpt":{"rendered":"<p>Assurances Une assurance vie pour votre cheval L\u2019assurance vie en cas de d\u00e9c\u00e8s pour votre cheval couvre tous les risques de mortalit\u00e9 suite \u00e0 maladies (coliques, etc.), accidents (y compris l\u2019abattage pour raison humanitaire), le transport (y compris par avion), l\u2019incendie, la foudre, l\u2019\u00e9lectrocution, la noyade et le vol. Dans ces cas, l\u2019assureur garantit le [&hellip;]<\/p>\n","protected":false},"author":2,"featured_media":0,"parent":81,"menu_order":0,"comment_status":"open","ping_status":"closed","template":"","meta":{"footnotes":""},"class_list":["post-406","page","type-page","status-publish","hentry"],"_links":{"self":[{"href":"https:\/\/cbc-bcp.be\/fr\/wp-json\/wp\/v2\/pages\/406","targetHints":{"allow":["GET"]}}],"collection":[{"href":"https:\/\/cbc-bcp.be\/fr\/wp-json\/wp\/v2\/pages"}],"about":[{"href":"https:\/\/cbc-bcp.be\/fr\/wp-json\/wp\/v2\/types\/page"}],"author":[{"embeddable":true,"href":"https:\/\/cbc-bcp.be\/fr\/wp-json\/wp\/v2\/users\/2"}],"replies":[{"embeddable":true,"href":"https:\/\/cbc-bcp.be\/fr\/wp-json\/wp\/v2\/comments?post=406"}],"version-history":[{"count":1,"href":"https:\/\/cbc-bcp.be\/fr\/wp-json\/wp\/v2\/pages\/406\/revisions"}],"predecessor-version":[{"id":538,"href":"https:\/\/cbc-bcp.be\/fr\/wp-json\/wp\/v2\/pages\/406\/revisions\/538"}],"up":[{"embeddable":true,"href":"https:\/\/cbc-bcp.be\/fr\/wp-json\/wp\/v2\/pages\/81"}],"wp:attachment":[{"href":"https:\/\/cbc-bcp.be\/fr\/wp-json\/wp\/v2\/media?parent=406"}],"curies":[{"name":"wp","href":"https:\/\/api.w.org\/{rel}","templated":true}]}}