{"id":45,"date":"2015-02-20T09:06:34","date_gmt":"2015-02-20T08:06:34","guid":{"rendered":"http:\/\/bcp.kobi.be\/?page_id=45"},"modified":"2026-03-11T12:12:14","modified_gmt":"2026-03-11T11:12:14","slug":"tarieven","status":"publish","type":"page","link":"https:\/\/cbc-bcp.be\/fr\/identificatie\/tarieven\/","title":{"rendered":"Tarifs"},"content":{"rendered":"<p><\/p>\n<h3>Tarifs<\/h3>\n<p>Les frais relatifs \u00e0 l\u2019identification de votre cheval, poney ou \u00e2ne, comprennent 2 \u00e9l\u00e9ments :<\/p>\n<h4 style=\"margin-left: 30px;\">1. Un prix forfaitaire pour l\u2019enregistrement dans la banque de donn\u00e9es centrale.<\/h4>\n<h5><img loading=\"lazy\" decoding=\"async\" class=\"alignright wp-image-296 \" src=\"https:\/\/cbc-bcp.be\/wp-content\/uploads\/2015\/04\/poulains-jouant-cbc-bcp.jpg\" alt=\"Two mini horses Falabella playing on meadow, selective focus\" width=\"252\" height=\"167\" \/><\/h5>\n<p>Ce forfait a \u00e9t\u00e9 fix\u00e9 dans l\u2019Arr\u00eat Minist\u00e9riel du 10 ao\u00fbt 2016 et comprend l\u2019enregistrement dans la banque de donn\u00e9es centrale, la gestion de toutes les mutations de l\u2019\u00e9quid\u00e9.<\/p>\n<h5>NOUVEAUX TARIFS TVAC POUR L\u2019ENREGISTREMENT EN BANQUE DE DONN\u00c9ES \u00c0 PARTIR DU 03\/02\/2026*<\/h5>\n<table style=\"height: 311px; width: 595px;\" width=\"595\">\n<tbody>\n<tr style=\"height: 24px;\">\n<td style=\"width: 563px; height: 24px;\">L\u2019identification ONLINE plus avantageuse<\/td>\n<td style=\"text-align: center; width: 62px; height: 24px;\"><strong>Online <\/strong><\/td>\n<td style=\"text-align: center; width: 71px; height: 24px;\"><strong>Papier<\/strong><\/td>\n<\/tr>\n<tr style=\"height: 24px;\">\n<td style=\"width: 563px; height: 24px;\"><strong>Identification<\/strong><\/td>\n<td style=\"text-align: center; width: 62px; height: 24px;\"><\/td>\n<td style=\"text-align: center; width: 71px; height: 24px;\"><\/td>\n<\/tr>\n<tr style=\"height: 24px;\">\n<td style=\"width: 563px; height: 24px;\">Equid\u00e9 sans origine (passeport Equipas inclus)<\/td>\n<td style=\"text-align: center; width: 62px; height: 24px;\">\u20ac 88,02<\/td>\n<td style=\"text-align: center; width: 71px; height: 24px;\">\u20ac 128,04<\/td>\n<\/tr>\n<tr style=\"height: 48px;\">\n<td style=\"width: 563px; height: 48px;\">Equid\u00e9 (sans d\u00e9livrance d\u2019un passeport Equipas)<\/td>\n<td style=\"text-align: center; width: 62px; height: 48px;\">\u20ac 57,62<\/td>\n<td style=\"text-align: center; width: 71px; height: 48px;\">\u20ac 80,02<\/td>\n<\/tr>\n<tr style=\"height: 24px;\">\n<td style=\"width: 563px; height: 24px;\">Poulain d\u2019abattage<\/td>\n<td style=\"text-align: center; width: 62px; height: 24px;\">\u20ac 24,00<\/td>\n<td style=\"text-align: center; width: 71px; height: 24px;\">\u20ac 48,02<\/td>\n<\/tr>\n<tr>\n<td style=\"width: 563px;\"><a href=\"https:\/\/cbc-bcp.be\/wp-content\/uploads\/2025\/03\/Price-for-identification-in-Belgium-for-foals-subscribed-in-a-foreign-stud.pdf\" target=\"_blank\" rel=\"noopener\">Equid\u00e9 n\u00e9 en BE inscrit dans un studbook \u00e9tranger<\/a><\/td>\n<td style=\"text-align: center; width: 62px;\">\u20ac 80,02<\/td>\n<td style=\"text-align: center; width: 71px;\">\u20ac 80,02<\/td>\n<\/tr>\n<tr style=\"height: 24px;\">\n<td style=\"width: 563px; height: 24px;\"><strong>Duplicata<\/strong><\/td>\n<td style=\"text-align: center; width: 62px; height: 24px;\"><\/td>\n<td style=\"text-align: center; width: 71px; height: 24px;\"><\/td>\n<\/tr>\n<tr style=\"height: 24px;\">\n<td style=\"width: 563px; height: 24px;\">Duplicata Equipas<\/td>\n<td style=\"text-align: center; width: 62px; height: 24px;\">\u20ac 88,02<\/td>\n<td style=\"text-align: center; width: 71px; height: 24px;\">\u20ac 128,04<\/td>\n<\/tr>\n<tr style=\"height: 24px;\">\n<td style=\"width: 563px; height: 24px;\">Duplicata Studbook<\/td>\n<td style=\"text-align: center; width: 62px; height: 24px;\">\u20ac 57,62<\/td>\n<td style=\"text-align: center; width: 71px; height: 24px;\">\u20ac 80,02<\/td>\n<\/tr>\n<tr style=\"height: 48px;\">\n<td style=\"width: 563px; height: 48px;\">Equipas &#8211; Poulain d&rsquo;abattage non abattu dans les 12 mois suivant sa naissance<\/td>\n<td style=\"text-align: center; width: 62px; height: 48px;\">\u20ac 88,02<\/td>\n<td style=\"text-align: center; width: 71px; height: 48px;\">\u20ac 128,04<\/td>\n<\/tr>\n<\/tbody>\n<\/table>\n<p><span style=\"color: #000000;\"><em>* Tarifs TVA incluse fix\u00e9s par Arr\u00eat\u00e9 Minist\u00e9riel 10\/08\/2016. Indexation chaque ann\u00e9e.\u00a0<\/em><\/span><\/p>\n<p>&nbsp;<\/p>\n<p>Suite \u00e0 une<em> \u00ab\u00a0demande d\u2019identification\u00a0\u00bb<\/em>, la Conf\u00e9d\u00e9ration Belge du Cheval asbl \u00e9dite une facture \u00e0 l\u2019attention du d\u00e9tenteur. D\u00e8s r\u00e9ception du paiement, une attestation d\u2019identification sera envoy\u00e9e. Cette derni\u00e8re doit \u00eatre d\u00fbment compl\u00e9t\u00e9e par l\u2019identificateur agr\u00e9\u00e9 (v\u00e9t\u00e9rinaire) d\u00e9sign\u00e9 par le d\u00e9tenteur.<\/p>\n<div class=\"box-download\"><a href=\"https:\/\/cbc-bcp.be\/wp-content\/uploads\/2016\/03\/Conditions-g\u00e9n\u00e9rales-de-la-Conf\u00e9d\u00e9ration-Belge-du-Cheval-mars-2016.pdf\" target=\"_blank\" rel=\"noopener noreferrer\">Conditions g\u00e9n\u00e9rales<\/a><\/div>\n<p>&nbsp;<\/p>\n<h4 style=\"margin-left: 30px;\">2. Les frais du v\u00e9t\u00e9rinaire<\/h4>\n<p><img loading=\"lazy\" decoding=\"async\" class=\"alignright size-full wp-image-298\" src=\"https:\/\/cbc-bcp.be-content\/uploads\/2015\/04\/identificatie-tarieven-identification-tarifs.jpg\" alt=\"identificatie-tarieven-identification-tarifs\" width=\"175\" height=\"117\" \/>Les frais v\u00e9t\u00e9rinaires sont relatifs \u00e0 la mise en place du microchip, au relev\u00e9 ou au contr\u00f4le du signalement, travaux administratifs,\u2026<\/p>\n<div class=\"box-info\">Ces frais n\u2019ont aucun rapport avec la gestion de la banque de donn\u00e9es centrale.<\/div>\n<p>Le v\u00e9t\u00e9rinaire est libre de fixer ses honoraires \u00e0 cet effet.<\/p>\n<p>&nbsp;<\/p>\n<h2><u>FAIT IMPORTANT &#8211; D\u00e9lai d&rsquo;enregistrement \u00e9quid\u00e9s en Belgique<\/u><\/h2>\n<p><strong>Tout \u00e9quid\u00e9 n\u00e9 en Belgique<\/strong> doit \u00eatre enregistr\u00e9 dans les 6 mois suivant sa naissance et identifi\u00e9 dans les 12 mois suivant sa naissance dans HorseID.<\/p>\n<p><strong>Tout \u00e9quid\u00e9 import\u00e9 en Belgique<\/strong> doit \u00eatre enregistr\u00e9 et identifi\u00e9 dans HorseID dans les 30 jours suivant son arriv\u00e9e sur le territoire belge.<\/p>\n<p>Avez-vous enregistr\u00e9 votre\/vos \u00e9quid\u00e9(s) ?<br \/>\nN&rsquo;oubliez pas de suivre vos dossiers avec le statut \u00ab <strong><em>en demande<\/em><\/strong> \u00bb !<\/p>\n<p>Un <strong>DOSSIER NON-FINALIS\u00c9<\/strong>\u00a0sera <strong>ANNULE APR\u00c8S 3 ANS<\/strong> \u00e0 partir de la date d\u2019introduction de la demande, ce qui aura pour cons\u00e9quence que vous devrez introduire ET payer une nouvelle demande.<\/p>\n<p>Pour chaque dossier non-finalis\u00e9, des rappels sont envoy\u00e9s au d\u00e9tenteur de l&rsquo;\u00e9quid\u00e9. Vous les avez loup\u00e9s ? Dans ce cas, assurez-vous de jeter un coup d&rsquo;\u0153il \u00e0 votre compte sur www.horseid.be\/extranet pour voir s&rsquo;il y a des dossiers \u00e0 suivre.<\/p>\n<p>Pour les questions concernant les dossiers avec le statut \u00ab en demande \u00bb, vous devez contacter l&rsquo;agence responsable dans votre r\u00e9gion :<\/p>\n<table style=\"border-collapse: collapse; width: 100%;\" border=\"1\">\n<tbody>\n<tr style=\"height: 24px;\">\n<td style=\"width: 50%; text-align: center; height: 24px;\"><strong>Wallonie et Bruxelles<\/strong><\/td>\n<td style=\"width: 50%; text-align: center; height: 24px;\"><strong>Flandre<\/strong><\/td>\n<\/tr>\n<tr style=\"height: 24px;\">\n<td style=\"width: 50%; text-align: center; height: 24px;\">CWBC \u2013 Conf\u00e9d\u00e9ration Wallonie-Bruxelles du Cheval<\/td>\n<td style=\"width: 50%; text-align: center; height: 24px;\">PPV &#8211; PaardenPunt Vlaanderen<\/td>\n<\/tr>\n<tr style=\"height: 24px;\">\n<td style=\"width: 50%; text-align: center; height: 24px;\"><em>Service Identification \u00e9quid\u00e9s<\/em><\/td>\n<td style=\"width: 50%; text-align: center; height: 24px;\"><em>Dienst Identificatie paardachtigen<\/em><\/td>\n<\/tr>\n<tr style=\"height: 24px;\">\n<td style=\"width: 50%; text-align: center; height: 24px;\">+32 (0)83 23 06 19<\/td>\n<td style=\"width: 50%; text-align: center; height: 24px;\">+32 (0)16 89 94 10<\/td>\n<\/tr>\n<tr style=\"height: 24px;\">\n<td style=\"width: 50%; text-align: center; height: 24px;\"><a href=\"mailto:info@cwbc.be\" target=\"_blank\" rel=\"noopener\">info@cwbc.be<\/a><\/td>\n<td style=\"width: 50%; text-align: center; height: 24px;\"><a href=\"mailto:info@paarden.vlaanderen\" target=\"_blank\" rel=\"noopener\">info@paarden.vlaanderen<\/a><\/td>\n<\/tr>\n<tr style=\"height: 24px;\">\n<td style=\"width: 50%; text-align: center; height: 24px;\">Rue des Champs Elys\u00e9es 20 \u2013 5590 Ciney<\/td>\n<td style=\"width: 50%; text-align: center; height: 24px;\">Belgicastraat 9 \/ 3 \u2013 1930 Zaventem<\/td>\n<\/tr>\n<\/tbody>\n<\/table>\n<p><\/p>","protected":false},"excerpt":{"rendered":"<p>Tarifs Les frais relatifs \u00e0 l\u2019identification de votre cheval, poney ou \u00e2ne, comprennent 2 \u00e9l\u00e9ments : 1. Un prix forfaitaire pour l\u2019enregistrement dans la banque de donn\u00e9es centrale. Ce forfait a \u00e9t\u00e9 fix\u00e9 dans l\u2019Arr\u00eat Minist\u00e9riel du 10 ao\u00fbt 2016 et comprend l\u2019enregistrement dans la banque de donn\u00e9es centrale, la gestion de toutes les mutations [&hellip;]<\/p>\n","protected":false},"author":2,"featured_media":0,"parent":9,"menu_order":3,"comment_status":"open","ping_status":"closed","template":"","meta":{"footnotes":""},"class_list":["post-45","page","type-page","status-publish","hentry"],"_links":{"self":[{"href":"https:\/\/cbc-bcp.be\/fr\/wp-json\/wp\/v2\/pages\/45","targetHints":{"allow":["GET"]}}],"collection":[{"href":"https:\/\/cbc-bcp.be\/fr\/wp-json\/wp\/v2\/pages"}],"about":[{"href":"https:\/\/cbc-bcp.be\/fr\/wp-json\/wp\/v2\/types\/page"}],"author":[{"embeddable":true,"href":"https:\/\/cbc-bcp.be\/fr\/wp-json\/wp\/v2\/users\/2"}],"replies":[{"embeddable":true,"href":"https:\/\/cbc-bcp.be\/fr\/wp-json\/wp\/v2\/comments?post=45"}],"version-history":[{"count":54,"href":"https:\/\/cbc-bcp.be\/fr\/wp-json\/wp\/v2\/pages\/45\/revisions"}],"predecessor-version":[{"id":5682,"href":"https:\/\/cbc-bcp.be\/fr\/wp-json\/wp\/v2\/pages\/45\/revisions\/5682"}],"up":[{"embeddable":true,"href":"https:\/\/cbc-bcp.be\/fr\/wp-json\/wp\/v2\/pages\/9"}],"wp:attachment":[{"href":"https:\/\/cbc-bcp.be\/fr\/wp-json\/wp\/v2\/media?parent=45"}],"curies":[{"name":"wp","href":"https:\/\/api.w.org\/{rel}","templated":true}]}}