{"id":47,"date":"2015-02-20T09:06:48","date_gmt":"2015-02-20T08:06:48","guid":{"rendered":"http:\/\/bcp.kobi.be\/?page_id=47"},"modified":"2024-03-18T13:18:03","modified_gmt":"2024-03-18T12:18:03","slug":"regelgeving","status":"publish","type":"page","link":"https:\/\/cbc-bcp.be\/fr\/identificatie\/regelgeving\/","title":{"rendered":"R\u00e9glementation"},"content":{"rendered":"<p><\/p>\n<h3>R\u00e9glementation<\/h3>\n<p><img loading=\"lazy\" decoding=\"async\" class=\"alignright wp-image-302 size-medium\" src=\"https:\/\/cbc-bcp.be\/wp-content\/uploads\/2015\/04\/jument-poulain-cbc-bcp-300x199.jpg\" alt=\"Erste Begr\u00fc\u00dfung\" width=\"300\" height=\"199\" \/>Veuillez retrouver ici les documents officiels relatifs \u00e0 l\u2019identification des \u00e9quid\u00e9s :<\/p>\n<p><a href=\"https:\/\/www.health.belgium.be\/fr\/reglementation\" target=\"_blank\" rel=\"noopener\">www.health.belgium.be\/fr\/reglementation<\/a><\/p>\n<p>&nbsp;<\/p>\n<p>Si vous d\u00e9sirez de plus amples informations au sujet de la r\u00e9glementation, n\u2019h\u00e9sitez certainement pas \u00e0 consulter l\u2019<a title=\"AFSCA - s\u00e9curit\u00e9 de la cha\u00eene alimentaire\" href=\"http:\/\/www.afsca.be\" target=\"_blank\" rel=\"noopener noreferrer\">Agence F\u00e9d\u00e9rale pour la S\u00e9curit\u00e9 de la Cha\u00eene Alimentaire (AFSCA)<\/a> et l&rsquo;<a title=\"SPF - Sant\u00e9 publique\" href=\"https:\/\/www.health.belgium.be\/fr\" target=\"_blank\" rel=\"noopener noreferrer\">SPF Sant\u00e9 publique, S\u00e9curit\u00e9 de la Cha\u00eene alimentaire et Environnement<\/a>.<\/p>","protected":false},"excerpt":{"rendered":"<p>R\u00e9glementation Veuillez retrouver ici les documents officiels relatifs \u00e0 l\u2019identification des \u00e9quid\u00e9s : www.health.belgium.be\/fr\/reglementation &nbsp; Si vous d\u00e9sirez de plus amples informations au sujet de la r\u00e9glementation, n\u2019h\u00e9sitez certainement pas \u00e0 consulter l\u2019Agence F\u00e9d\u00e9rale pour la S\u00e9curit\u00e9 de la Cha\u00eene Alimentaire (AFSCA) et l&rsquo;SPF Sant\u00e9 publique, S\u00e9curit\u00e9 de la Cha\u00eene alimentaire et Environnement.<\/p>\n","protected":false},"author":2,"featured_media":0,"parent":9,"menu_order":4,"comment_status":"open","ping_status":"closed","template":"","meta":{"footnotes":""},"class_list":["post-47","page","type-page","status-publish","hentry"],"_links":{"self":[{"href":"https:\/\/cbc-bcp.be\/fr\/wp-json\/wp\/v2\/pages\/47","targetHints":{"allow":["GET"]}}],"collection":[{"href":"https:\/\/cbc-bcp.be\/fr\/wp-json\/wp\/v2\/pages"}],"about":[{"href":"https:\/\/cbc-bcp.be\/fr\/wp-json\/wp\/v2\/types\/page"}],"author":[{"embeddable":true,"href":"https:\/\/cbc-bcp.be\/fr\/wp-json\/wp\/v2\/users\/2"}],"replies":[{"embeddable":true,"href":"https:\/\/cbc-bcp.be\/fr\/wp-json\/wp\/v2\/comments?post=47"}],"version-history":[{"count":18,"href":"https:\/\/cbc-bcp.be\/fr\/wp-json\/wp\/v2\/pages\/47\/revisions"}],"predecessor-version":[{"id":5557,"href":"https:\/\/cbc-bcp.be\/fr\/wp-json\/wp\/v2\/pages\/47\/revisions\/5557"}],"up":[{"embeddable":true,"href":"https:\/\/cbc-bcp.be\/fr\/wp-json\/wp\/v2\/pages\/9"}],"wp:attachment":[{"href":"https:\/\/cbc-bcp.be\/fr\/wp-json\/wp\/v2\/media?parent=47"}],"curies":[{"name":"wp","href":"https:\/\/api.w.org\/{rel}","templated":true}]}}