{"id":4912,"date":"2022-02-03T14:22:24","date_gmt":"2022-02-03T13:22:24","guid":{"rendered":"https:\/\/cbc-bcp.be\/?page_id=4912"},"modified":"2025-01-24T15:26:52","modified_gmt":"2025-01-24T14:26:52","slug":"mijn-inrichting","status":"publish","type":"page","link":"https:\/\/cbc-bcp.be\/fr\/mijn-inrichting\/","title":{"rendered":"Mon \u00e9tablissement"},"content":{"rendered":"<p><strong>Vid\u00e9o informative :<\/strong><\/p>\n<p><iframe loading=\"lazy\" title=\"Etablissement FR V1\" width=\"500\" height=\"281\" src=\"https:\/\/www.youtube.com\/embed\/qtdJCK_-09I?feature=oembed\" frameborder=\"0\" allow=\"accelerometer; autoplay; clipboard-write; encrypted-media; gyroscope; picture-in-picture; web-share\" referrerpolicy=\"strict-origin-when-cross-origin\" allowfullscreen><\/iframe><\/p>\n<p><strong>Exemple de registre<\/strong><strong>:<\/strong><\/p>\n<ul>\n<li><a href=\"https:\/\/cbc-bcp.be\/wp-content\/uploads\/2022\/02\/Mod\u00e8le-Model-A-FR-NL.xlsx\">Mod\u00e8le A<\/a><\/li>\n<li><a href=\"https:\/\/cbc-bcp.be\/wp-content\/uploads\/2022\/02\/Mod\u00e8le-B-FR.xlsx\">Mod\u00e8le B<\/a><\/li>\n<\/ul>\n<p>Suite \u00e0 la publication de la nouvelle loi europ\u00e9enne sur la sant\u00e9 animale, les \u00e9tablissements d\u00e9tenant des \u00e9quid\u00e9s devront \u00eatre enregistr\u00e9s <strong>\u00e0 partir du 9 f\u00e9vrier 2022<\/strong> via <a href=\"http:\/\/www.horseid.be\/extranet\">www.horseid.be\/extranet<\/a><\/p>\n<p>La nouvelle loi europ\u00e9enne sur la sant\u00e9 animale, l\u2019Animal Health Law (r\u00e8glement d\u00e9l\u00e9gu\u00e9 (UE) 2016\/429), fait partie d&rsquo;un ensemble de mesures prises par l&rsquo;Union europ\u00e9enne pour renforcer les normes de sant\u00e9 et de s\u00e9curit\u00e9 pour l&rsquo;ensemble du secteur agricole et de la cha\u00eene alimentaire.<\/p>\n<p>Cette nouvelle loi se pr\u00e9sente sous la forme d&rsquo;un r\u00e8glement, ce qui signifie que ces r\u00e8gles sont directement d\u2019application dans les diff\u00e9rents \u00c9tats membres europ\u00e9ens. Il en r\u00e9sulte donc une harmonisation de ces r\u00e8gles sur l&rsquo;ensemble du territoire europ\u00e9en.<\/p>\n<p>En ce qui concerne le secteur \u00e9quin, une modification importante est l\u2019obligation d\u2019enregistrer les \u00e9tablissements d\u00e9tenant des \u00e9quid\u00e9s \u00e0 partir du 9 f\u00e9vrier 2022 (r\u00e8glement d\u00e9l\u00e9gu\u00e9 (UE) 2019\/2035). Ceux-ci se verront attribuer un num\u00e9ro d\u2019enregistrement. Un d\u00e9lai est pr\u00e9vu pour r\u00e9glementer cela jusqu&rsquo;au 31 juillet 2022 pour chaque responsable d&rsquo;\u00e9tablissement.<\/p>\n<p>On entend par \u00e9tablissements, les lieux de d\u00e9tention des \u00e9quid\u00e9s tels que les boxes, stalles et prairies.<\/p>\n<h3><u>Reprise d&rsquo;un \u00e9tablissement : Que dois-je faire si je ne connais pas l&rsquo;ancien responsable ?<\/u><\/h3>\n<p>Lorsque HorseID re\u00e7oit une notification par e-mail indiquant qu&rsquo;il existe une nouvelle personne responsable pour un \u00e9tablissement, l&rsquo;ancienne personne responsable de l&rsquo;\u00e9tablissement est contact\u00e9e par HorseID par e-mail. Il lui sera demand\u00e9 de retirer de l&rsquo;\u00e9tablissement les \u00e9quid\u00e9s qui n&rsquo;y sont plus pr\u00e9sents et de confirmer le changement de responsable par e-mail, dans un d\u00e9lai de 7 jours.<br \/>\nSi l&rsquo;ancien responsable ne r\u00e9pond pas \u00e0 temps, l&rsquo;\u00e9tablissement sera li\u00e9 au nouveau responsable apr\u00e8s la p\u00e9riode de 7 jours.<\/p>\n<p><strong>Qui est concern\u00e9 ?<\/strong><\/p>\n<p><img loading=\"lazy\" decoding=\"async\" class=\"aligncenter wp-image-5061\" src=\"https:\/\/cbc-bcp.be\/wp-content\/uploads\/2022\/02\/1-Enregistrez-votre-\u00e9tablissement-1-1024x576.jpg\" alt=\"\" width=\"840\" height=\"473\" srcset=\"https:\/\/cbc-bcp.be\/wp-content\/uploads\/2022\/02\/1-Enregistrez-votre-\u00e9tablissement-1-1024x576.jpg 1024w, https:\/\/cbc-bcp.be\/wp-content\/uploads\/2022\/02\/1-Enregistrez-votre-\u00e9tablissement-1-300x169.jpg 300w, https:\/\/cbc-bcp.be\/wp-content\/uploads\/2022\/02\/1-Enregistrez-votre-\u00e9tablissement-1-768x432.jpg 768w, https:\/\/cbc-bcp.be\/wp-content\/uploads\/2022\/02\/1-Enregistrez-votre-\u00e9tablissement-1-1536x864.jpg 1536w, https:\/\/cbc-bcp.be\/wp-content\/uploads\/2022\/02\/1-Enregistrez-votre-\u00e9tablissement-1.jpg 1920w\" sizes=\"auto, (max-width: 840px) 100vw, 840px\" \/><img loading=\"lazy\" decoding=\"async\" class=\"wp-image-5059 alignleft\" src=\"https:\/\/cbc-bcp.be\/wp-content\/uploads\/2022\/02\/2-Lobjet-1024x576.jpg\" alt=\"\" width=\"475\" height=\"267\" srcset=\"https:\/\/cbc-bcp.be\/wp-content\/uploads\/2022\/02\/2-Lobjet-1024x576.jpg 1024w, https:\/\/cbc-bcp.be\/wp-content\/uploads\/2022\/02\/2-Lobjet-300x169.jpg 300w, https:\/\/cbc-bcp.be\/wp-content\/uploads\/2022\/02\/2-Lobjet-768x432.jpg 768w, https:\/\/cbc-bcp.be\/wp-content\/uploads\/2022\/02\/2-Lobjet-1536x864.jpg 1536w, https:\/\/cbc-bcp.be\/wp-content\/uploads\/2022\/02\/2-Lobjet.jpg 1920w\" sizes=\"auto, (max-width: 475px) 100vw, 475px\" \/><img loading=\"lazy\" decoding=\"async\" class=\"wp-image-5041 alignright\" src=\"https:\/\/cbc-bcp.be\/wp-content\/uploads\/2022\/02\/2-Qui-1024x576.jpg\" alt=\"\" width=\"475\" height=\"267\" srcset=\"https:\/\/cbc-bcp.be\/wp-content\/uploads\/2022\/02\/2-Qui-1024x576.jpg 1024w, https:\/\/cbc-bcp.be\/wp-content\/uploads\/2022\/02\/2-Qui-300x169.jpg 300w, https:\/\/cbc-bcp.be\/wp-content\/uploads\/2022\/02\/2-Qui-768x432.jpg 768w, https:\/\/cbc-bcp.be\/wp-content\/uploads\/2022\/02\/2-Qui-1536x864.jpg 1536w, https:\/\/cbc-bcp.be\/wp-content\/uploads\/2022\/02\/2-Qui.jpg 1920w\" sizes=\"auto, (max-width: 475px) 100vw, 475px\" \/> <img loading=\"lazy\" decoding=\"async\" class=\"wp-image-5042 alignleft\" src=\"https:\/\/cbc-bcp.be\/wp-content\/uploads\/2022\/02\/3-Quoi-1024x576.jpg\" alt=\"\" width=\"475\" height=\"267\" srcset=\"https:\/\/cbc-bcp.be\/wp-content\/uploads\/2022\/02\/3-Quoi-1024x576.jpg 1024w, https:\/\/cbc-bcp.be\/wp-content\/uploads\/2022\/02\/3-Quoi-300x169.jpg 300w, https:\/\/cbc-bcp.be\/wp-content\/uploads\/2022\/02\/3-Quoi-768x432.jpg 768w, https:\/\/cbc-bcp.be\/wp-content\/uploads\/2022\/02\/3-Quoi-1536x864.jpg 1536w, https:\/\/cbc-bcp.be\/wp-content\/uploads\/2022\/02\/3-Quoi.jpg 1920w\" sizes=\"auto, (max-width: 475px) 100vw, 475px\" \/> <img loading=\"lazy\" decoding=\"async\" class=\"wp-image-5052 alignright\" src=\"https:\/\/cbc-bcp.be\/wp-content\/uploads\/2022\/02\/4-Comment-1-1024x576.jpg\" alt=\"\" width=\"475\" height=\"267\" srcset=\"https:\/\/cbc-bcp.be\/wp-content\/uploads\/2022\/02\/4-Comment-1-1024x576.jpg 1024w, https:\/\/cbc-bcp.be\/wp-content\/uploads\/2022\/02\/4-Comment-1-300x169.jpg 300w, https:\/\/cbc-bcp.be\/wp-content\/uploads\/2022\/02\/4-Comment-1-768x432.jpg 768w, https:\/\/cbc-bcp.be\/wp-content\/uploads\/2022\/02\/4-Comment-1-1536x864.jpg 1536w, https:\/\/cbc-bcp.be\/wp-content\/uploads\/2022\/02\/4-Comment-1.jpg 1920w\" sizes=\"auto, (max-width: 475px) 100vw, 475px\" \/> <img loading=\"lazy\" decoding=\"async\" class=\"wp-image-5044 alignleft\" src=\"https:\/\/cbc-bcp.be\/wp-content\/uploads\/2022\/02\/5-Quand-1024x576.jpg\" alt=\"\" width=\"475\" height=\"267\" srcset=\"https:\/\/cbc-bcp.be\/wp-content\/uploads\/2022\/02\/5-Quand-1024x576.jpg 1024w, https:\/\/cbc-bcp.be\/wp-content\/uploads\/2022\/02\/5-Quand-300x169.jpg 300w, https:\/\/cbc-bcp.be\/wp-content\/uploads\/2022\/02\/5-Quand-768x432.jpg 768w, https:\/\/cbc-bcp.be\/wp-content\/uploads\/2022\/02\/5-Quand-1536x864.jpg 1536w, https:\/\/cbc-bcp.be\/wp-content\/uploads\/2022\/02\/5-Quand.jpg 1920w\" sizes=\"auto, (max-width: 475px) 100vw, 475px\" \/> <img loading=\"lazy\" decoding=\"async\" class=\"aligncenter wp-image-5045\" src=\"https:\/\/cbc-bcp.be\/wp-content\/uploads\/2022\/02\/6-Info-1-1024x576.jpg\" alt=\"\" width=\"840\" height=\"473\" srcset=\"https:\/\/cbc-bcp.be\/wp-content\/uploads\/2022\/02\/6-Info-1-1024x576.jpg 1024w, https:\/\/cbc-bcp.be\/wp-content\/uploads\/2022\/02\/6-Info-1-300x169.jpg 300w, https:\/\/cbc-bcp.be\/wp-content\/uploads\/2022\/02\/6-Info-1-768x432.jpg 768w, https:\/\/cbc-bcp.be\/wp-content\/uploads\/2022\/02\/6-Info-1-1536x864.jpg 1536w, https:\/\/cbc-bcp.be\/wp-content\/uploads\/2022\/02\/6-Info-1.jpg 1920w\" sizes=\"auto, (max-width: 840px) 100vw, 840px\" \/><\/p>\n<p><strong>Comment enregistrer mon ETABLISSEMENT ?<\/strong><\/p>\n<p>Vous pouvez le faire via le site <a href=\"https:\/\/www.horseid.be\/extranet\/fr\/login.html\" target=\"_blank\" rel=\"noopener noreferrer\">HorseID<\/a>.<\/p>\n<p><iframe loading=\"lazy\" title=\"\u00c9tablissement HorseID\" width=\"500\" height=\"281\" src=\"https:\/\/www.youtube.com\/embed\/hIPDwmA9N_s?feature=oembed\" frameborder=\"0\" allow=\"accelerometer; autoplay; clipboard-write; encrypted-media; gyroscope; picture-in-picture; web-share\" referrerpolicy=\"strict-origin-when-cross-origin\" allowfullscreen><\/iframe><\/p>\n<p><strong>Exemple de registre, <\/strong>que vous devez conserver<strong> par \u00e9tablissement :<\/strong><\/p>\n<ul>\n<li><a href=\"https:\/\/cbc-bcp.be\/wp-content\/uploads\/2022\/02\/Mod\u00e8le-Model-A-FR-NL.xlsx\">Mod\u00e8le A<\/a><\/li>\n<li><a href=\"https:\/\/cbc-bcp.be\/wp-content\/uploads\/2022\/02\/Mod\u00e8le-B-FR.xlsx\">Mod\u00e8le B<\/a><\/li>\n<\/ul>\n<p>&nbsp;<\/p>","protected":false},"excerpt":{"rendered":"<p>Vid\u00e9o informative : Exemple de registre: Mod\u00e8le A Mod\u00e8le B Suite \u00e0 la publication de la nouvelle loi europ\u00e9enne sur la sant\u00e9 animale, les \u00e9tablissements d\u00e9tenant des \u00e9quid\u00e9s devront \u00eatre enregistr\u00e9s \u00e0 partir du 9 f\u00e9vrier 2022 via www.horseid.be\/extranet La nouvelle loi europ\u00e9enne sur la sant\u00e9 animale, l\u2019Animal Health Law (r\u00e8glement d\u00e9l\u00e9gu\u00e9 (UE) 2016\/429), fait [&hellip;]<\/p>\n","protected":false},"author":2,"featured_media":0,"parent":0,"menu_order":0,"comment_status":"closed","ping_status":"closed","template":"","meta":{"footnotes":""},"class_list":["post-4912","page","type-page","status-publish","hentry"],"_links":{"self":[{"href":"https:\/\/cbc-bcp.be\/fr\/wp-json\/wp\/v2\/pages\/4912","targetHints":{"allow":["GET"]}}],"collection":[{"href":"https:\/\/cbc-bcp.be\/fr\/wp-json\/wp\/v2\/pages"}],"about":[{"href":"https:\/\/cbc-bcp.be\/fr\/wp-json\/wp\/v2\/types\/page"}],"author":[{"embeddable":true,"href":"https:\/\/cbc-bcp.be\/fr\/wp-json\/wp\/v2\/users\/2"}],"replies":[{"embeddable":true,"href":"https:\/\/cbc-bcp.be\/fr\/wp-json\/wp\/v2\/comments?post=4912"}],"version-history":[{"count":46,"href":"https:\/\/cbc-bcp.be\/fr\/wp-json\/wp\/v2\/pages\/4912\/revisions"}],"predecessor-version":[{"id":5614,"href":"https:\/\/cbc-bcp.be\/fr\/wp-json\/wp\/v2\/pages\/4912\/revisions\/5614"}],"wp:attachment":[{"href":"https:\/\/cbc-bcp.be\/fr\/wp-json\/wp\/v2\/media?parent=4912"}],"curies":[{"name":"wp","href":"https:\/\/api.w.org\/{rel}","templated":true}]}}