{"id":5118,"date":"2022-03-21T15:09:42","date_gmt":"2022-03-21T14:09:42","guid":{"rendered":"https:\/\/cbc-bcp.be\/?page_id=5118"},"modified":"2022-03-22T15:12:50","modified_gmt":"2022-03-22T14:12:50","slug":"faq","status":"publish","type":"page","link":"https:\/\/cbc-bcp.be\/fr\/mijn-inrichting\/faq\/","title":{"rendered":"FAQ"},"content":{"rendered":"<p><strong>FAQ \u2013 Questions fr\u00e9quentes sur les \u00e9tablissements<\/strong><\/p>\n<p><em>G\u00e9n\u00e9ral<\/em><\/p>\n<p><strong>I. Pourquoi l&rsquo;UE impose-t-elle l&rsquo;enregistrement d&rsquo;un \u00e9tablissement ?<\/strong><\/p>\n<p>Le r\u00e8glement (UE) 2016\/429 \u00e9tablit des r\u00e8gles relatives \u00e0 la pr\u00e9vention et au contr\u00f4le des maladies animales pouvant \u00eatre transmises aux animaux ou \u00e0 l&rsquo;homme.<\/p>\n<p><strong>II. Qui doit enregistrer un \u00e9tablissement et y lier les chevaux ?<\/strong><\/p>\n<p>C&rsquo;est le responsable de l&rsquo;\u00e9tablissement qui doit enregistrer l&rsquo;\u00e9tablissement via www.horseid.be et, apr\u00e8s approbation, lier les \u00e9quid\u00e9s pr\u00e9sents dans l\u2019\u00e9tablissement.<\/p>\n<p><strong>\u00a0III. Quand puis-je lier un \u00e9quid\u00e9 \u00e0 mon \u00e9tablissement ?<\/strong><\/p>\n<p><span style=\"text-decoration: underline;\">Ceci n&rsquo;est possible si:<\/span><\/p>\n<ol>\n<li>Vous avez re\u00e7u une notification par e-mail indiquant que votre \u00e9tablissement a \u00e9t\u00e9 approuv\u00e9<\/li>\n<li>Que l\u2019\u00e9quid\u00e9 est enregistr\u00e9 dans la base de donn\u00e9es avec le statut \u2018d\u00e9finitif\u2019.<\/li>\n<\/ol>\n<p><strong>IV. La situation g\u00e9ographique n&rsquo;indique pas l&rsquo;adresse saisie.<\/strong><\/p>\n<p>Lorsque vous entrez le code postal \/ la rue ou le num\u00e9ro, vous devez cliquer sur les donn\u00e9es pour choisir dans la liste affich\u00e9e.<\/p>\n<p>Si vous saisissez uniquement les donn\u00e9es manuellement, la carte ne se chargera pas automatiquement.<\/p>\n<p><strong>V. Quelle est la diff\u00e9rence entre g\u00e9rer des \u00e9quid\u00e9s comme d\u00e9tenteur (personne et organisation) et g\u00e9rer un \u00e9tablissement ?<\/strong><\/p>\n<p><span style=\"text-decoration: underline;\">Dans la base de donn\u00e9es, il y a 2 obligations :<\/span><\/p>\n<ol>\n<li>L&rsquo;enregistrement et l\u2019identification d&rsquo;un \u00e9quid\u00e9 situ\u00e9 sur le territoire belge. Cela doit \u00eatre fait par le d\u00e9tenteur de l&rsquo;\u00e9quid\u00e9. Le d\u00e9tenteur est la personne (ou l&rsquo;organisation) responsable des soins quotidiens d&rsquo;un \u00e9quid\u00e9, dans la plupart des cas, ce sera le propri\u00e9taire.<\/li>\n<li>L&rsquo;enregistrement de tout lieu de d\u00e9tention d&rsquo;\u00e9quid\u00e9s en Belgique. Cela doit \u00eatre fait par l&rsquo;op\u00e9rateur de l&rsquo;\u00e9tablissement. L&rsquo;op\u00e9rateur est la personne responsable de l\u2019\u00e9tablissement, dans la plupart des cas le g\u00e9rant. C&rsquo;est \u00e9galement l\u2019op\u00e9rateur qui doit tenir \u00e0 jour la liste des \u00e9quid\u00e9s pr\u00e9sents dans l&rsquo;\u00e9tablissement.<\/li>\n<\/ol>\n<p><strong>VI. Quelle est la diff\u00e9rence entre l\u2019enregistrement dans HorseID et la tenue d&rsquo;un registre ?<\/strong><\/p>\n<p>Dans HorseID, chaque \u00e9quid\u00e9 pr\u00e9sent depuis plus de 30 jours doit \u00eatre li\u00e9 \u00e0 l&rsquo;\u00e9tablissement.<\/p>\n<p>Outre l\u2019enregistrement \u00e0 HorseID, chaque \u00e9tablissement doit tenir un registre sur place.<\/p>\n<p>Un d\u00e9tail des mouvements vers et depuis l&rsquo;\u00e9tablissement doit \u00eatre enregistr\u00e9 dans le registre.<\/p>\n<p><span style=\"text-decoration: underline;\">Qu&rsquo;entend-on par mouvement ? quelques exemples :<\/span><\/p>\n<ul>\n<li>Aller \u00e0 un concours<\/li>\n<li>\u00a0Faire une promenade en mouvement(plusieurs jours)<\/li>\n<li>Randonn\u00e9e \u00e9questre de moins de 30 jours<\/li>\n<li>Visite chez mar\u00e9chal-ferrant\/ v\u00e9t\u00e9rinaire\/\u2026<\/li>\n<\/ul>\n<p><strong>Quelle forme peut avoir un registre ?<\/strong><\/p>\n<p>La fa\u00e7on dont vous tenez un registre est totalement libre.<\/p>\n<p>Cela peut \u00eatre informatis\u00e9 (sous quelque forme que ce soit) ou sur papier.<\/p>\n<p>Vous trouvez des model\u00e9s sur\u00a0: https:\/\/cbc-bcp.be\/mijn-inrichting\/<\/p>\n<p><strong>VII. Quelles copies et\/ou documents doivent rester \u00e0 l&rsquo;\u00e9tablissement de quels chevaux ?<\/strong><\/p>\n<p>Il doit \u00eatre possible de pr\u00e9senter une copie du passeport de chaque animal pr\u00e9sent dans l&rsquo;\u00e9tablissement. Le passeport original doit \u00eatre pr\u00e9sent\u00e9 dans les 3 heures \u00e0 la demande de l&rsquo;autorit\u00e9 comp\u00e9tente.<\/p>\n<p>&nbsp;<\/p>\n<p><em>En pratique<\/em><\/p>\n<p><strong>VIII. Je loue une prairie, une \u00e9curie et\/ou un autre espace, qui doit enregistrer l\u2019\u00e9tablissement ?<\/strong><\/p>\n<p>C&rsquo;est le responsable de l&rsquo;\u00e9tablissement qui doit enregistrer l&rsquo;\u00e9tablissement via www.horseid.be et, apr\u00e8s validation, lier les \u00e9quid\u00e9s pr\u00e9sents \u00e0 l&rsquo;\u00e9tablissement.<\/p>\n<p>Le responsable d&rsquo;un \u00e9tablissement peut \u00eatre le propri\u00e9taire ou le locataire.<\/p>\n<p>Il peut \u00eatre convenu d&rsquo;un accord commun qui assumera cette responsabilit\u00e9.<\/p>\n<p><strong>IX. Plusieurs propri\u00e9taires\/d\u00e9tenteurs ont des \u00e9quid\u00e9s \u00e0 un endroit, qui devrait tous enregistrer l&rsquo;\u00e9tablissement ?<\/strong><\/p>\n<p>Un seul num\u00e9ro peut \u00eatre attribu\u00e9 par lieu o\u00f9 sont d\u00e9tenus des \u00e9quid\u00e9s. Une personne doit \u00eatre d\u00e9sign\u00e9e qui prend la responsabilit\u00e9 de proc\u00e9der \u00e0 l&rsquo;enregistrement de l&rsquo;\u00e9tablissement puis de lier tous les \u00e9quid\u00e9s pr\u00e9sents \u00e0 cet endroit \u00e0 l&rsquo;\u00e9tablissement.<\/p>\n<p><strong>X. Un particulier qui a un cheval \u00e0 la maison doit-il \u00e9galement enregistrer un \u00e9tablissement ?<\/strong><br \/>\nOui, chaque lieu o\u00f9 sont gard\u00e9s des \u00e9quid\u00e9s est consid\u00e9r\u00e9 comme un \u00e9tablissement, donc aussi lorsqu&rsquo;un \u00e9quid\u00e9 est \u00e0 la maison.<\/p>\n<p><strong>XI. J&rsquo;ai un cheval que je mets en prairie l&rsquo;\u00e9t\u00e9 et dans une \u00e9curie l&rsquo;hiver. Dois-je aussi l\u2019enregistrer ?<\/strong><\/p>\n<p>C&rsquo;est le responsable des deux emplacements qui doit indiquer dans la base de donn\u00e9es quand l&rsquo;animal est pr\u00e9sent \u00e0 son emplacement depuis plus de 30 jours.<\/p>\n<p>Seul le responsable de l&rsquo;\u00e9tablissement peut le faire et doit tenir \u00e0 jour la liste des \u00e9quid\u00e9s pr\u00e9sents.<\/p>\n<p><strong>XII. Je loue \u00e9galement des \u00e9curies vides. Dans ces \u00e9curies, le propri\u00e9taire du cheval fait lui-m\u00eame tout le travail, il nettoie les boxes et les nourrit. Qui doit g\u00e9rer l&rsquo;\u00e9tablissement et qui doit conserver le passeport de l\u2019\u00e9quid\u00e9 ?<\/strong><\/p>\n<p>C&rsquo;est le responsable de l&rsquo;\u00e9tablissement qui doit enregistrer et lier les animaux pr\u00e9sents \u00e0 l&rsquo;\u00e9tablissement.<\/p>\n<p>Cette responsabilit\u00e9 peut \u00eatre d\u00e9termin\u00e9e d&rsquo;un commun accord entre le propri\u00e9taire et l&rsquo;un des locataires. Au moins une copie du passeport doit \u00eatre pr\u00e9sente dans l&rsquo;\u00e9tablissement, le document original doit \u00eatre pr\u00e9sent\u00e9 dans les 3 heures suivant chaque visite par les autorit\u00e9s comp\u00e9tentes.<\/p>\n<p><strong>XIII. Nous louons un couloir avec de de boxes vides dans une \u00e9curie priv\u00e9e et recevons occasionnellement des chevaux pour l&rsquo;entra\u00eenement. Notre question est de savoir si nous faisons un \u00e9tablissement pour notre couloir et les autres clients font leur propre \u00e9tablissement ? Ou n&rsquo;est-ce pas possible car un seul \u00e9tablissement peut \u00eatre cr\u00e9\u00e9 par adresse ?<\/strong><\/p>\n<p>Un seul num\u00e9ro peut \u00eatre attribu\u00e9 par \u00e9tablissement. Dans un tel cas, le g\u00e9rant de l&rsquo;\u00e9curie doit d\u00e9poser la demande et y rattacher tous les animaux pr\u00e9sents. Cela doit \u00eatre convenu entre les diff\u00e9rentes parties.<\/p>\n<p><strong>XIV. Quelles donn\u00e9es doivent \u00eatre mentionn\u00e9es dans le registre ?<\/strong><\/p>\n<p>Il n&rsquo;y a pas de consignes particuli\u00e8res \u00e0 suivre.<\/p>\n<p>Tous les mouvements vers et depuis votre \u00e9tablissement doivent \u00eatre not\u00e9s dans le registre.<\/p>\n<p>Il est important qu&rsquo;il soit clair de quel animal il s&rsquo;agit, la mention du num\u00e9ro UELN ou du num\u00e9ro de puce est un \u00e9l\u00e9ment important.<\/p>\n<p><strong>XV. S&rsquo;il y a un abri ouvert sur une prairie, est-ce du type &lsquo;prairie + box&rsquo; ou &lsquo;prairie ?<\/strong><\/p>\n<p>Cela rel\u00e8ve du type \u2018prairie\u2019.<\/p>\n<p>Les \u00e9curies\/boxes avec prairies signifient un b\u00e2timent avec des prairies attenants.<\/p>\n<p><strong>XVI. Une prairie qui n&rsquo;est pas li\u00e9 \u00e0 une adresse, donc sans num\u00e9ro de maison, seulement une commune + rue. Comment cela devrait-il \u00eatre fait ?<\/strong><\/p>\n<p>Il vous suffit d&rsquo;entrer la commune et la rue puis d&rsquo;indiquer l&rsquo;endroit o\u00f9 se situe votre prairie sur la situation g\u00e9ographique.<\/p>\n<p><strong>XVII. Si une jument part pour donner naissance dans un autre \u00e9tablissement qui n&rsquo;est pas le v\u00f4tre, comment faire ? Parfois, ce n&rsquo;est que pour 3 semaines, par exemple.<\/strong><\/p>\n<ul>\n<li>Lorsque l&rsquo;animal quitte l&rsquo;\u00e9tablissement pour plus de 30 jours, l&rsquo;animal doit \u00eatre ajout\u00e9 au nouvel \u00e9tablissement par l&rsquo;exploitant concern\u00e9.<\/li>\n<li>Si l&rsquo;animal a quitt\u00e9 l&rsquo;\u00e9tablissement apr\u00e8s moins de 30 jours, celui-ci doit uniquement \u00eatre enregistr\u00e9 dans le registre et vous ne devez apporter aucune modification dans HorseID.<\/li>\n<\/ul>\n<p><strong>XVIII. Si une jument doit aller \u00e0 l&rsquo;\u00e9tranger pour saillir, comment cela devrait-il se passer ?<\/strong><\/p>\n<p>Une jument quittant le pays pour la reproduction doit \u00eatre accompagn\u00e9e d&rsquo;un certificat sanitaire valable 10 jours.<\/p>\n<p>Lorsque l&rsquo;animal quitte l&rsquo;\u00e9tablissement plus de 90 jours (r\u00e8gle d&rsquo;exception 2019\/2035 article 64), l&rsquo;animal doit \u00eatre d\u00e9connect\u00e9 de l&rsquo;\u00e9tablissement dans HorseID par l&rsquo;exploitant. Lorsqu&rsquo;il est de retour dans l&rsquo;\u00e9tablissement, l&rsquo;exploitant doit relier l&rsquo;animal \u00e0 l&rsquo;\u00e9tablissement.<\/p>\n<p>Si l&rsquo;animal quitte l&rsquo;\u00e9tablissement moins de 90 jours, cela doit \u00eatre indiqu\u00e9 dans le registre \u00e0 partir du jour 1, dans la base de donn\u00e9es \u00e0 partir de plus de 90 jours.<\/p>\n<p>&nbsp;<\/p>","protected":false},"excerpt":{"rendered":"<p>FAQ \u2013 Questions fr\u00e9quentes sur les \u00e9tablissements G\u00e9n\u00e9ral I. Pourquoi l&rsquo;UE impose-t-elle l&rsquo;enregistrement d&rsquo;un \u00e9tablissement ? Le r\u00e8glement (UE) 2016\/429 \u00e9tablit des r\u00e8gles relatives \u00e0 la pr\u00e9vention et au contr\u00f4le des maladies animales pouvant \u00eatre transmises aux animaux ou \u00e0 l&rsquo;homme. II. Qui doit enregistrer un \u00e9tablissement et y lier les chevaux ? C&rsquo;est le [&hellip;]<\/p>\n","protected":false},"author":2,"featured_media":0,"parent":4912,"menu_order":0,"comment_status":"closed","ping_status":"closed","template":"","meta":{"footnotes":""},"class_list":["post-5118","page","type-page","status-publish","hentry"],"_links":{"self":[{"href":"https:\/\/cbc-bcp.be\/fr\/wp-json\/wp\/v2\/pages\/5118","targetHints":{"allow":["GET"]}}],"collection":[{"href":"https:\/\/cbc-bcp.be\/fr\/wp-json\/wp\/v2\/pages"}],"about":[{"href":"https:\/\/cbc-bcp.be\/fr\/wp-json\/wp\/v2\/types\/page"}],"author":[{"embeddable":true,"href":"https:\/\/cbc-bcp.be\/fr\/wp-json\/wp\/v2\/users\/2"}],"replies":[{"embeddable":true,"href":"https:\/\/cbc-bcp.be\/fr\/wp-json\/wp\/v2\/comments?post=5118"}],"version-history":[{"count":3,"href":"https:\/\/cbc-bcp.be\/fr\/wp-json\/wp\/v2\/pages\/5118\/revisions"}],"predecessor-version":[{"id":5123,"href":"https:\/\/cbc-bcp.be\/fr\/wp-json\/wp\/v2\/pages\/5118\/revisions\/5123"}],"up":[{"embeddable":true,"href":"https:\/\/cbc-bcp.be\/fr\/wp-json\/wp\/v2\/pages\/4912"}],"wp:attachment":[{"href":"https:\/\/cbc-bcp.be\/fr\/wp-json\/wp\/v2\/media?parent=5118"}],"curies":[{"name":"wp","href":"https:\/\/api.w.org\/{rel}","templated":true}]}}