{"id":53,"date":"2015-02-20T09:07:27","date_gmt":"2015-02-20T08:07:27","guid":{"rendered":"http:\/\/bcp.kobi.be\/?page_id=53"},"modified":"2015-05-27T12:51:37","modified_gmt":"2015-05-27T10:51:37","slug":"sancties","status":"publish","type":"page","link":"https:\/\/cbc-bcp.be\/fr\/identificatie\/sancties\/","title":{"rendered":"Sanctions"},"content":{"rendered":"<p><\/p>\n<header>\n<h3 class=\"title\">Sanctions<\/h3>\n<\/header>\n<div class=\"content clearfix\">\n<p>Le d\u00e9tenteur risque de subir de graves sanctions si l&rsquo;identification de son(ses) \u00e9quid\u00e9(s) n&rsquo;a pas \u00e9t\u00e9 r\u00e9alis\u00e9e dans les d\u00e9lais impartis.<\/p>\n<p>Le responsable, qui n&rsquo;identifie pas et n&rsquo;encode ses \u00e9quid\u00e9s en banque de donn\u00e9es centrale, peut \u00e9coper d&rsquo;une\u00a0<strong>amende <\/strong>minimale de 500 euros \u00e0 max. 25.000 euros (article 23\u00a71, 2\u00b0, b de la Loi de la sant\u00e9 des animaux du 24 mars 1987). En cas de r\u00e9p\u00e9tition dans les trois ans suivant une condamnation pr\u00e9c\u00e9dente, la sanction sera doubl\u00e9e.<\/p>\n<p>L\u2019administration peut pr\u00e9senter des <strong>amendes administratives<\/strong>. Celles-ci ne peuvent \u00eatre moins de la moiti\u00e9 de l\u2019amende minimale et pas sup\u00e9rieure au quintuple de l\u2019amende minimale. Si l\u2019amende administrative n\u2019est pas respect\u00e9e, l\u2019administration peut requ\u00e9rir l\u2019amende devant le Tribunal comp\u00e9tent. Des animaux faisant l\u2019objet d\u2019une\u00a0<strong>infraction<\/strong>, <strong>peuvent \u00eatre saisis<\/strong>.<\/p>\n<p>Des contr\u00f4les peuvent \u00eatre effectu\u00e9s aussi bien par l\u2019<a title=\"AFSCA - s\u00e9curit\u00e9 de la cha\u00eene alimentaire\" href=\"http:\/\/www.afsca.be\/\" target=\"_blank\">AFSCA (Agence f\u00e9d\u00e9rale pour la Cha\u00eene alimentaire)<\/a>, le\u00a0<a title=\"SPF - Sant\u00e9 publique\" href=\"http:\/\/www.health.belgium.be\/\" target=\"_blank\">SPF Sant\u00e9 Publique<\/a>\u00a0ainsi que les services de police ordinaires.<\/p>\n<\/div>\n<p><\/p>","protected":false},"excerpt":{"rendered":"<p>Sanctions Le d\u00e9tenteur risque de subir de graves sanctions si l&rsquo;identification de son(ses) \u00e9quid\u00e9(s) n&rsquo;a pas \u00e9t\u00e9 r\u00e9alis\u00e9e dans les d\u00e9lais impartis. Le responsable, qui n&rsquo;identifie pas et n&rsquo;encode ses \u00e9quid\u00e9s en banque de donn\u00e9es centrale, peut \u00e9coper d&rsquo;une\u00a0amende minimale de 500 euros \u00e0 max. 25.000 euros (article 23\u00a71, 2\u00b0, b de la Loi de [&hellip;]<\/p>\n","protected":false},"author":2,"featured_media":0,"parent":9,"menu_order":7,"comment_status":"open","ping_status":"closed","template":"","meta":{"footnotes":""},"class_list":["post-53","page","type-page","status-publish","hentry"],"_links":{"self":[{"href":"https:\/\/cbc-bcp.be\/fr\/wp-json\/wp\/v2\/pages\/53","targetHints":{"allow":["GET"]}}],"collection":[{"href":"https:\/\/cbc-bcp.be\/fr\/wp-json\/wp\/v2\/pages"}],"about":[{"href":"https:\/\/cbc-bcp.be\/fr\/wp-json\/wp\/v2\/types\/page"}],"author":[{"embeddable":true,"href":"https:\/\/cbc-bcp.be\/fr\/wp-json\/wp\/v2\/users\/2"}],"replies":[{"embeddable":true,"href":"https:\/\/cbc-bcp.be\/fr\/wp-json\/wp\/v2\/comments?post=53"}],"version-history":[{"count":1,"href":"https:\/\/cbc-bcp.be\/fr\/wp-json\/wp\/v2\/pages\/53\/revisions"}],"predecessor-version":[{"id":522,"href":"https:\/\/cbc-bcp.be\/fr\/wp-json\/wp\/v2\/pages\/53\/revisions\/522"}],"up":[{"embeddable":true,"href":"https:\/\/cbc-bcp.be\/fr\/wp-json\/wp\/v2\/pages\/9"}],"wp:attachment":[{"href":"https:\/\/cbc-bcp.be\/fr\/wp-json\/wp\/v2\/media?parent=53"}],"curies":[{"name":"wp","href":"https:\/\/api.w.org\/{rel}","templated":true}]}}