{"id":57,"date":"2015-02-20T09:07:57","date_gmt":"2015-02-20T08:07:57","guid":{"rendered":"http:\/\/bcp.kobi.be\/?page_id=57"},"modified":"2024-03-19T10:38:24","modified_gmt":"2024-03-19T09:38:24","slug":"andere-paarden","status":"publish","type":"page","link":"https:\/\/cbc-bcp.be\/fr\/identificatie\/procedure\/andere-paarden\/","title":{"rendered":"Chevaux"},"content":{"rendered":"<p><\/p>\n<h3>Proc\u00e9dure pour identifier les autres chevaux<\/h3>\n<p><img loading=\"lazy\" decoding=\"async\" class=\"alignleft wp-image-274 size-full\" src=\"https:\/\/cbc-bcp.be\/wp-content\/uploads\/2015\/04\/procedure-identificatie-paarden-identification-chevaux.jpg\" alt=\"Andalusier Hengst\" width=\"175\" height=\"117\" \/>Je souhaite identifier mon \u00e9quid\u00e9.<\/p>\n<p>1.\u00a0<a href=\"#equides\">Quels sont les \u00e9quid\u00e9s qui doivent \u00eatre identifi\u00e9s ?<\/a><br \/>\n2.\u00a0<a href=\"#identification-correcte\">Une identification correcte<\/a><br \/>\n3.\u00a0<a href=\"#delai\">D\u00e9lai &amp; statut de l\u2019\u00e9quid\u00e9 (Exclusion de la consommation humaine ou non)<\/a><br \/>\n4.\u00a0<a href=\"#procedure\">Proc\u00e9dure<\/a><\/p>\n<p><a name=\"equides\"><\/a><\/p>\n<h3>\u00a01. Quels sont les \u00e9quid\u00e9s qui doivent \u00eatre identifi\u00e9s?<\/h3>\n<p>Tout \u00e9quid\u00e9 r\u00e9sidant sur le territoire belge doit \u00eatre identifi\u00e9.<\/p>\n<p>Tout \u00e9quid\u00e9 qui est <strong>introduit d\u00e9finitivement<\/strong> sur le territoire belge <span style=\"text-decoration: underline;\"><strong>en<\/strong> <strong>provenance d\u2019un autre \u00e9tat membre<\/strong><\/span> et qui n\u2019est pas destin\u00e9 \u00e0 \u00eatre abattu dans les dix jours suivant son arriv\u00e9e doit \u00eatre encod\u00e9 dans la banque de donn\u00e9es centrale, <strong>dans les 30 jours qui suivent son arriv\u00e9e<\/strong> et dans tous les cas, <strong>avant tout changement de d\u00e9tenteur. <\/strong>(date prouv\u00e9e par le certificat sanitaire d&rsquo;introduction)<\/p>\n<p>Tout \u00e9quid\u00e9 qui est <span style=\"text-decoration: underline;\"><strong>d\u00e9finitivement import\u00e9 d\u2019un pays tiers<\/strong><\/span> sur le territoire belge et qui n\u2019est pas destin\u00e9 \u00e0 \u00eatre abattu dans les huit jours de son arriv\u00e9e <strong>doit \u00eatre identifi\u00e9<\/strong> conform\u00e9ment aux dispositions du r\u00e8glement d\u2019ex\u00e9cution UE 2021\/963, et <strong>encod\u00e9<\/strong> dans la banque de donn\u00e9es dans les <strong>30 jours qui suivent son arriv\u00e9e<\/strong> et certainement avant qu\u2019il ne quitte le territoire belge. (date prouv\u00e9e par le certificat sanitaire d&rsquo;importation).<\/p>\n<p>Une <strong>exception<\/strong> est pr\u00e9vue pour<\/p>\n<ul>\n<li>les \u00e9quid\u00e9s participant \u00e0 des concours, des courses, des expositions, des entra\u00eenements et du d\u00e9bardage pendant une p\u00e9riode n\u2019exc\u00e9dant pas quatre-vingt-dix jours;<\/li>\n<li>les \u00e9quid\u00e9s m\u00e2les destin\u00e9s \u00e0 la reproduction d\u00e9tenus durant la saison de reproduction;<\/li>\n<li>les \u00e9quid\u00e9s femelles destin\u00e9s \u00e0 la reproduction d\u00e9tenus pendant une p\u00e9riode n\u2019exc\u00e9dant pas quatre-vingt-dix jours;<\/li>\n<\/ul>\n<p>s\u00e9journant sur notre territoire ainsi que pour les chevaux s\u00e9journant dans une clinique belge pour des raisons m\u00e9dicales. Ces derniers peuvent rester sur le territoire sans devoir \u00eatre consid\u00e9r\u00e9s comme import\u00e9s d\u00e9finitivement.<\/p>\n<h3><span id=\"identification-correcte\">2. Une identification correcte (3 \u00e9l\u00e9ments)<\/span><\/h3>\n<p>Tout \u00e9quid\u00e9 (cheval, \u00e2ne, poney et z\u00e8bre, \u2026) r\u00e9sidant en Belgique est correctement identifi\u00e9\u00a0<span style=\"text-decoration: underline;\">si et seulement si<\/span>:<\/p>\n<ul>\n<li>il dispose d\u2019un\u00a0<strong><span style=\"text-decoration: underline;\">passeport conforme aux normes europ\u00e9ennes<\/span><\/strong> (comprenant la section relative \u00e0 l\u2019administration de m\u00e9dicaments v\u00e9t\u00e9rinaires),<\/li>\n<li>il dispose d&rsquo;un\u00a0<strong><span style=\"text-decoration: underline;\">microchip<\/span><\/strong>\u00a0r\u00e9pondant aux normes ISO 11784 et 11785 a \u00e9t\u00e9 implant\u00e9 du c\u00f4t\u00e9 gauche de l&rsquo;encolure,<\/li>\n<li>il a \u00e9t\u00e9\u00a0<strong><span style=\"text-decoration: underline;\">encod\u00e9 dans la banque de donn\u00e9es centrale HorseID<\/span><\/strong>.<\/li>\n<\/ul>\n<div class=\"box-hint\">Il ne suffit pas que votre \u00e9quid\u00e9 soit muni d&rsquo;un microchip et dispose d\u2019un passeport! Les donn\u00e9es de l\u2019\u00e9quid\u00e9 doivent \u00e9galement \u00eatre enregistr\u00e9es dans la\u00a0<strong>banque de donn\u00e9es centrale<\/strong> <strong>HorseID<\/strong>, g\u00e9r\u00e9e par la Conf\u00e9d\u00e9ration Belge du Cheval (CBC).<\/div>\n<h3>3. D\u00e9lai &amp; statut de l\u2019\u00e9quid\u00e9 (Exclusion de la consommation humaine ou non)<\/h3>\n<p>Si votre \u00e9quid\u00e9 ne dispose <strong>PAS d\u2019un passeport conforme \u00e0 l\u2019UE<\/strong> et s\u2019il n\u2019y a pas eu de demande d\u2019identification introduite avant le 31 d\u00e9cembre 2009, l&rsquo;\u00e9quid\u00e9 est d\u00e9finitivement exclu de l\u2019abattage pour la consommation humaine.<\/p>\n<p>Si votre \u00e9quid\u00e9 dispose <strong>d\u2019un passeport conforme \u00e0 l\u2019UE<\/strong>, le statut est repris dans le passeport. Lorsqu\u2019il n\u2019y a pas d\u2019information au sujet du statut de l&rsquo;\u00e9quid\u00e9 dans le passeport, ce dernier est consid\u00e9r\u00e9 comme destin\u00e9 \u00e0 la consommation humaine.<\/p>\n<div class=\"box-warning\">L&rsquo;exclusion de la consommation humaine est d\u00e9finitive et irr\u00e9versible. Elle est la cons\u00e9quence de l\u2019administration d\u2019un traitement m\u00e9dicamenteux non autoris\u00e9 pour les animaux producteurs de denr\u00e9es alimentaires !<\/div>\n<p>Tout traitement comprenant des substances reprises dans une liste de \u00ab\u00a0<strong>m\u00e9dicaments indispensables<\/strong>\u00ab\u00a0, n\u2019\u00e9tant pas pr\u00e9vues dans l\u2019Ordonnance 2377\/90\/UE, devra \u00eatre mentionn\u00e9 par le v\u00e9t\u00e9rinaire dans le passeport sous la rubrique \u2018traitements m\u00e9dicamenteux\u2019 et impliquera un temps d\u2019attente minimal de 6 mois avant l\u2019abattage.<\/p>\n<p>Gr\u00e2ce \u00e0 l\u2019identification, l\u2019encodage et le contr\u00f4le possible via le microchip, la\u00a0<strong>s\u00e9curit\u00e9 alimentaire<\/strong>\u00a0sera garantie pour le consommateur. En cas d&rsquo;erreur, le syst\u00e8me permet de d\u00e9signer incontestablement le responsable.<\/p>\n<p>D\u2019autres r\u00e8gles valent pour les <strong>\u00e9quid\u00e9s import\u00e9s<\/strong> afin d\u2019\u00eatre abattus sur notre territoire. Ces \u00e9quid\u00e9s ne peuvent \u00eatre abattus que s\u2019ils sont accompagn\u00e9s d\u2019un certificat sanitaire d\u2019abattage.<\/p>\n<p>En cas de perte du passeport conforme \u00e0 l&rsquo;UE et si votre cheval est enregistr\u00e9 dans la banque de donn\u00e9es centrale, vous devrez introduire une demande de\u00a0<strong>duplicata <\/strong>(via HorseID).<strong> \u00a0<\/strong>Ceci impliquera une exclusion temporaire de la cha\u00eene alimentaire de 6 mois (pr\u00e9vue par L&rsquo;Agence F\u00e9d\u00e9rale pour la Cha\u00eene Alimentaire (AFSCA)).<\/p>\n<h3><span id=\"procedure\">4. Proc\u00e9dures d&rsquo;identification\u00a0<\/span><\/h3>\n<p>2 proc\u00e9dures d&rsquo;identification s&rsquo;offrent \u00e0 vous:<\/p>\n<ul>\n<li><span style=\"text-decoration: underline;\"><strong>Identification \u00ab\u00a0ONLINE\u00a0\u00bb<\/strong><\/span>: rapide et facile<\/li>\n<li><span style=\"text-decoration: underline;\"><strong>Identification \u00ab\u00a0PAPIER\u00a0\u00bb<\/strong><\/span>\u00a0: manuelle<\/li>\n<\/ul>\n<p>Chacune des proc\u00e9dures compte 5 \u00e9tapes importantes :<\/p>\n<ol style=\"list-style-type: upper-roman;\">\n<li>Le d\u00e9tenteur introduit une <em>\u00ab\u00a0demande d&rsquo;identification\u00a0\u00bb<\/em> (\u00e9lectronique ou papier) et mentionne l&rsquo;identificateur (nom et\/ou N\u00b0 ordre) qui effectuera l&rsquo;identification de l&rsquo;\u00e9quid\u00e9.\u00a0<a href=\"https:\/\/cbc-bcp.be\/fr\/identificatie\/erkende-identificeerders\/\">Consultez la liste des identificateurs agr\u00e9\u00e9s.<\/a><\/li>\n<li>Le d\u00e9tenteur proc\u00e8de au paiement (paiement s\u00e9curis\u00e9 (OGONE) pour l&rsquo;identification online, envoi de la facture par courrier postal au d\u00e9tenteur pour la proc\u00e9dure papier)<\/li>\n<li>La CBC envoie <em>\u00ab\u00a0l\u2019attestation d\u2019identification pour \u00e9quid\u00e9\u00a0\u00bb<\/em> au d\u00e9tenteur (email ou courrier selon la proc\u00e9dure choisie)<\/li>\n<li>L&rsquo;identificateur agr\u00e9\u00e9 proc\u00e8de \u00e0 l&rsquo;identification de l&rsquo;\u00e9quid\u00e9 et renvoie l&rsquo;attestation \u00e0 la CBC ou au stud-book concern\u00e9<\/li>\n<li>Verification et encodage de l&rsquo;identification, envoi d&rsquo;une <em>\u00ab\u00a0confirmation d&rsquo;encodage de l&rsquo;\u00e9quid\u00e9 en banque de donn\u00e9es centrale\u00a0\u00bb<\/em> et d&rsquo;un passeport conforme \u00e0 l\u2019UE (si d\u2019application).<\/li>\n<\/ol>\n<p><strong>Identification des chevaux &#8211; 3 types<\/strong><\/p>\n<ol style=\"list-style-type: lower-alpha;\">\n<li><a href=\"https:\/\/cbc-bcp.be\/fr\/identificatie\/procedure\/andere-paarden\/stamboekpaard\/\">Identification d&rsquo;un cheval d\u00e9j\u00e0 inscrit dans un stud-book agr\u00e9\u00e9 en Belgique.<\/a><\/li>\n<li><a href=\"https:\/\/cbc-bcp.be\/fr\/identificatie\/procedure\/andere-paarden\/paard-zonder-vastgestelde-origine\/\">Identification d&rsquo;un cheval n&rsquo;\u00e9tant pas inscrit dans une association d\u2019\u00e9leveurs (origine non d\u00e9finie).<\/a><\/li>\n<li><a href=\"https:\/\/cbc-bcp.be\/fr\/identificatie\/procedure\/andere-paarden\/buitenlands-stamboekpaard\/\">Identification d&rsquo;un cheval muni d&rsquo;un document d&rsquo;identification d\u00e9livr\u00e9 \u00e0 l&rsquo;\u00e9tranger<\/a><\/li>\n<\/ol>\n<p><\/p>","protected":false},"excerpt":{"rendered":"<p>Proc\u00e9dure pour identifier les autres chevaux Je souhaite identifier mon \u00e9quid\u00e9. 1.\u00a0Quels sont les \u00e9quid\u00e9s qui doivent \u00eatre identifi\u00e9s ? 2.\u00a0Une identification correcte 3.\u00a0D\u00e9lai &amp; statut de l\u2019\u00e9quid\u00e9 (Exclusion de la consommation humaine ou non) 4.\u00a0Proc\u00e9dure \u00a01. Quels sont les \u00e9quid\u00e9s qui doivent \u00eatre identifi\u00e9s? Tout \u00e9quid\u00e9 r\u00e9sidant sur le territoire belge doit \u00eatre identifi\u00e9. [&hellip;]<\/p>\n","protected":false},"author":2,"featured_media":0,"parent":39,"menu_order":1,"comment_status":"open","ping_status":"closed","template":"","meta":{"footnotes":""},"class_list":["post-57","page","type-page","status-publish","hentry"],"_links":{"self":[{"href":"https:\/\/cbc-bcp.be\/fr\/wp-json\/wp\/v2\/pages\/57","targetHints":{"allow":["GET"]}}],"collection":[{"href":"https:\/\/cbc-bcp.be\/fr\/wp-json\/wp\/v2\/pages"}],"about":[{"href":"https:\/\/cbc-bcp.be\/fr\/wp-json\/wp\/v2\/types\/page"}],"author":[{"embeddable":true,"href":"https:\/\/cbc-bcp.be\/fr\/wp-json\/wp\/v2\/users\/2"}],"replies":[{"embeddable":true,"href":"https:\/\/cbc-bcp.be\/fr\/wp-json\/wp\/v2\/comments?post=57"}],"version-history":[{"count":30,"href":"https:\/\/cbc-bcp.be\/fr\/wp-json\/wp\/v2\/pages\/57\/revisions"}],"predecessor-version":[{"id":5563,"href":"https:\/\/cbc-bcp.be\/fr\/wp-json\/wp\/v2\/pages\/57\/revisions\/5563"}],"up":[{"embeddable":true,"href":"https:\/\/cbc-bcp.be\/fr\/wp-json\/wp\/v2\/pages\/39"}],"wp:attachment":[{"href":"https:\/\/cbc-bcp.be\/fr\/wp-json\/wp\/v2\/media?parent=57"}],"curies":[{"name":"wp","href":"https:\/\/api.w.org\/{rel}","templated":true}]}}