{"id":61,"date":"2015-02-20T09:08:29","date_gmt":"2015-02-20T08:08:29","guid":{"rendered":"http:\/\/bcp.kobi.be\/?page_id=61"},"modified":"2016-03-29T14:51:27","modified_gmt":"2016-03-29T12:51:27","slug":"elektronische-mutatie","status":"publish","type":"page","link":"https:\/\/cbc-bcp.be\/fr\/identificatie\/mutatie\/elektronische-mutatie\/","title":{"rendered":"Mutation \u00e9lectronique"},"content":{"rendered":"<p><a href=\"https:\/\/cbc-bcp.be-content\/uploads\/2016\/03\/logo-HorseID-v11.png\"><img loading=\"lazy\" decoding=\"async\" class=\" wp-image-1819 alignleft\" src=\"https:\/\/cbc-bcp.be-content\/uploads\/2016\/03\/logo-HorseID-v11-300x300.png\" alt=\"logo HorseID v1\" width=\"145\" height=\"145\" srcset=\"https:\/\/cbc-bcp.be\/wp-content\/uploads\/2016\/03\/logo-HorseID-v11-300x300.png 300w, https:\/\/cbc-bcp.be\/wp-content\/uploads\/2016\/03\/logo-HorseID-v11-150x150.png 150w, https:\/\/cbc-bcp.be\/wp-content\/uploads\/2016\/03\/logo-HorseID-v11-1024x1024.png 1024w, https:\/\/cbc-bcp.be\/wp-content\/uploads\/2016\/03\/logo-HorseID-v11.png 1181w\" sizes=\"auto, (max-width: 145px) 100vw, 145px\" \/><\/a>En utilisant l&rsquo;Extranet <a href=\"http:\/\/www.horseid.be\">HorseID<\/a>, vous pouvez introduire de mani\u00e8re \u00e9lectronique une mutation en s\u00e9lectionnant l&rsquo;\u00e9quid\u00e9 dans la liste des \u00e9quid\u00e9s que vous avez en d\u00e9tention et\u00a0le type de\u00a0la mutation.<\/p>\n<p>Suivant le type de mutation choisi, il pourra \u00eatre demand\u00e9 de joindre des documents (t\u00e9l\u00e9chargements) .<\/p>\n<p>&nbsp;<\/p>\n<p><span style=\"text-decoration: underline;\"><strong>Proc\u00e9dure de mutation\u00a0ONLINE<\/strong><\/span><\/p>\n<ol>\n<li>Connexion \u00e0 la plateforme l&rsquo;Extranet <a href=\"http:\/\/www.horseid.be\">HorseID<\/a>.<\/li>\n<li>S\u00e9lectionner l&rsquo;\u00e9quid\u00e9 dans \u00ab\u00a0Mes \u00e9quid\u00e9s\u00a0\u00bb<\/li>\n<li>S\u00e9lectionner l&rsquo;onglet \u00ab\u00a0Mutations\u00a0\u00bb de l&rsquo;\u00e9quid\u00e9 choisi<\/li>\n<li>La mutation ne sera effective qu\u2019apr\u00e8s validation par la CBC.<\/li>\n<li>Un email de confirmation vous sera envoy\u00e9<\/li>\n<\/ol>\n<p><div class=\"box-warning\"> Attention, tout changement de d\u00e9tenteur doit \u00eatre notifi\u00e9 <span style=\"text-decoration: underline;\">en premier lieu<\/span> par le <strong>d\u00e9tenteur c\u00e9dant<\/strong>, il mentionnera l&rsquo;ID CBC de <strong>nouveau d\u00e9tenteur<\/strong> qui pourra alors le retrouver dans le menu \u00ab\u00a0Equid\u00e9s en attente\u00a0\u00bb et accepter l&rsquo;\u00e9quid\u00e9.<\/div><\/p>","protected":false},"excerpt":{"rendered":"<p>En utilisant l&rsquo;Extranet HorseID, vous pouvez introduire de mani\u00e8re \u00e9lectronique une mutation en s\u00e9lectionnant l&rsquo;\u00e9quid\u00e9 dans la liste des \u00e9quid\u00e9s que vous avez en d\u00e9tention et\u00a0le type de\u00a0la mutation. Suivant le type de mutation choisi, il pourra \u00eatre demand\u00e9 de joindre des documents (t\u00e9l\u00e9chargements) . &nbsp; Proc\u00e9dure de mutation\u00a0ONLINE Connexion \u00e0 la plateforme l&rsquo;Extranet HorseID. [&hellip;]<\/p>\n","protected":false},"author":2,"featured_media":0,"parent":51,"menu_order":1,"comment_status":"open","ping_status":"closed","template":"","meta":{"footnotes":""},"class_list":["post-61","page","type-page","status-publish","hentry"],"_links":{"self":[{"href":"https:\/\/cbc-bcp.be\/fr\/wp-json\/wp\/v2\/pages\/61","targetHints":{"allow":["GET"]}}],"collection":[{"href":"https:\/\/cbc-bcp.be\/fr\/wp-json\/wp\/v2\/pages"}],"about":[{"href":"https:\/\/cbc-bcp.be\/fr\/wp-json\/wp\/v2\/types\/page"}],"author":[{"embeddable":true,"href":"https:\/\/cbc-bcp.be\/fr\/wp-json\/wp\/v2\/users\/2"}],"replies":[{"embeddable":true,"href":"https:\/\/cbc-bcp.be\/fr\/wp-json\/wp\/v2\/comments?post=61"}],"version-history":[{"count":2,"href":"https:\/\/cbc-bcp.be\/fr\/wp-json\/wp\/v2\/pages\/61\/revisions"}],"predecessor-version":[{"id":1827,"href":"https:\/\/cbc-bcp.be\/fr\/wp-json\/wp\/v2\/pages\/61\/revisions\/1827"}],"up":[{"embeddable":true,"href":"https:\/\/cbc-bcp.be\/fr\/wp-json\/wp\/v2\/pages\/51"}],"wp:attachment":[{"href":"https:\/\/cbc-bcp.be\/fr\/wp-json\/wp\/v2\/media?parent=61"}],"curies":[{"name":"wp","href":"https:\/\/api.w.org\/{rel}","templated":true}]}}