{"id":73,"date":"2015-02-20T09:11:42","date_gmt":"2015-02-20T08:11:42","guid":{"rendered":"http:\/\/bcp.kobi.be\/?page_id=73"},"modified":"2018-04-11T11:25:03","modified_gmt":"2018-04-11T09:25:03","slug":"paardenwelzijn","status":"publish","type":"page","link":"https:\/\/cbc-bcp.be\/fr\/informatie\/federale-dossiers\/paardenwelzijn\/","title":{"rendered":"Bien-\u00eatre des chevaux"},"content":{"rendered":"<p><\/p>\n<h1 class=\"title\">Bien-\u00eatre des chevaux<\/h1>\n<div class=\"box-note\">SERVICE BIEN-\u00caTRE ANIMAL<\/p>\n<p>Si vous avez une plainte ou une question concernant des chevaux n\u00e9glig\u00e9s ou maltrait\u00e9s, n\u2019h\u00e9sitez pas \u00e0 contacter le Service Bien-\u00eatre animal :<\/p>\n<p><strong>Wallonie<\/strong> : <a href=\"http:\/\/bienetreanimal.wallonie.be\/home.html\" target=\"_blank\">http:\/\/bienetreanimal.wallonie.be\/home.html<\/a><br \/>\n<strong>Flandres<\/strong> : <a href=\"https:\/\/www.lne.be\/dierenwelzijn\" target=\"_blank\">https:\/\/www.lne.be\/dierenwelzijn<\/a><br \/>\n<strong>Bruxelles<\/strong> : <a href=\"http:\/\/www.environnement.brussels\/thematiques\/bien-etre-animal\/bien-etre-des-animaux-pendant-le-transport\" target=\"_blank\">http:\/\/www.environnement.brussels\/thematiques\/bien-etre-animal\/bien-etre-des-animaux-pendant-le-transport<\/a><\/p>\n<p>Attention!<br \/>\nAfin de pouvoir traiter votre plainte, le Service Inspection a besoin de certaines informations. Pour vous aider \u00e0 les informer correctement, nous vous invitons \u00e0 utiliser le formulaire de d\u00e9p\u00f4t de plainte.<\/p>\n<p>Si vous ne pouvez pas remplir certains champs obligatoires, comme les coordonn\u00e9es du responsable des animaux, veuillez prendre contact avec la police locale.<\/div>\n<p><img loading=\"lazy\" decoding=\"async\" class=\"alignleft size-full wp-image-370\" src=\"https:\/\/cbc-bcp.be-content\/uploads\/2015\/04\/bien-etre-du-cheval-paardenwelzijn.jpg\" alt=\"Zahnbehandlung beim Pferd\" width=\"175\" height=\"117\" \/>Le cheval s&rsquo;est taill\u00e9 une position privil\u00e9gi\u00e9e dans notre soci\u00e9t\u00e9. On le consid\u00e8re commun\u00e9ment comme un <strong>animal \u00ab\u00a0noble\u00a0\u00bb<\/strong> qui aura jou\u00e9 un r\u00f4le particulier dans l&rsquo;\u00e9volution et le progr\u00e8s du monde. <strong>L&rsquo;\u00e9levage de chevaux<\/strong> se targue dans notre r\u00e9gion d&rsquo;une tradition bien longue, gr\u00e2ce au Cheval de Trait Belge qui est devenu entre-temps un patrimoine culturel vivant et qui se voit maintenant succ\u00e9d\u00e9 par nos chevaux de sport qui produisent \u00e0 leur tour des performances mondiales.<\/p>\n<p>Le cheval, jadis plut\u00f4t \u00e9litiste, est maintenant accessible au grand public. Des centaines de milliers y d\u00e9couvrent des loisirs non seulement agr\u00e9ables mais de surcro\u00eet particuli\u00e8rement instructifs. Le cheval offre des opportunit\u00e9s inesp\u00e9r\u00e9es d&rsquo;un point de vue p\u00e9dagogique et th\u00e9rapeutique. Le lien unique op\u00e9rant entre homme et cheval conduit \u00e0 un <strong>sens des responsabilit\u00e9s<\/strong> qu&rsquo;on ne trouvera nulle part ailleurs.<\/p>\n<p>Les amateurs de chevaux sentent un profond <strong>besoin de formation et d&rsquo;information<\/strong>, et cela dans les domaines les plus divers: soins du cheval, h\u00e9bergement, cl\u00f4ture des prairies, formation des chevaux, des cavaliers et des meneurs, l&rsquo;int\u00e9r\u00eat d&rsquo;avoir une bonne assurance, le bien-\u00eatre des animaux, &#8230;<\/p>\n<p>Aussi grande que soit la qu\u00eate de formation et d&rsquo;information, se r\u00e9v\u00e8le \u00eatre la r\u00e9pugnance du secteur \u00e0 l&rsquo;\u00e9gard d&rsquo;un ergotage d\u00e9mesur\u00e9 avec des r\u00e8gles et des obligations dont on ne discerne pas l&rsquo;utilit\u00e9 et qui font souvent long feu. Il faudra en premier lieu adopter une pratique d&rsquo;<strong>autor\u00e9gulation<\/strong>, comme cela a d\u00e9j\u00e0 \u00e9t\u00e9 r\u00e9alis\u00e9 avec beaucoup de succ\u00e8s dans le sport hippique. Il serait bien s\u00fbr inconcevable de ne pouvoir r\u00e9f\u00e9rer \u00e0 une quelconque r\u00e9glementation. La prolif\u00e9ration ne profitera \u00e0 personne. Aussi bien le secteur que les autorit\u00e9s se rendent compte qu&rsquo;une <strong>bonne r\u00e9glementation<\/strong> ne pourra s&rsquo;\u00e9laborer que <strong>par une concertation avec le secteur<\/strong>. Il importe \u00e9galement que le citoyen connaisse les r\u00e8gles. D&rsquo;o\u00f9 la publication ci-jointe de la r\u00e9glementation exhaustive.<\/p>\n<p>Le secteur attend de la part des services publics plut\u00f4t <strong>un r\u00f4le d&rsquo;encadrement et d&rsquo;information<\/strong> que de r\u00e9pression. Des mesures r\u00e9pressives s&rsquo;imposeront toutefois au besoin. Les pratiques de cow-boys existent dans le secteur des \u00e9quid\u00e9s comme dans n&rsquo;importe quel autre secteur et il faut \u00e0 tout prix les proscrire. Les contr\u00f4les et inspections indispensables \u00e0 cet effet rel\u00e8vent exclusivement des services publics comp\u00e9tents.<\/p>\n<ol>\n<li><a href=\"http:\/\/www.etaamb.be\/fr\/arrete-royal-du-10-juin-2014_n2014018225.html\" target=\"_blank\">10 juin 2014 \u2013 Arr\u00eat\u00e9 royal relatif aux conditions pour le transport, le rassemblement et le commerce d\u2019animaux agricoles. <\/a><\/li>\n<li><a href=\"http:\/\/www.ejustice.just.fgov.be\/eli\/arrete\/2013\/03\/01\/2013024087\/justel\" target=\"_blank\">1er mars 2013 : Arr\u00eat\u00e9 royal relatif au bien-\u00eatre des chevaux et des poneys pendant les kermesses<\/a><\/li>\n<li><a href=\"http:\/\/www.ejustice.just.fgov.be\/eli\/arrete\/2010\/06\/13\/2010024219\/justel\" target=\"_blank\">13 juin 2010 : Arr\u00eat\u00e9 royal relatif au certificat d&rsquo;aptitude professionnelle pour le transport d&rsquo;animaux domestiques agricole <\/a><\/li>\n<li><a title=\"AR 14 f\u00e9vrier 2007 - transport commercial\" href=\"\/wp\/wp-content\/uploads\/2015\/04\/kb-14-02-2007-commercieel-vervoer.pdf\" target=\"_blank\">14 f\u00e9vrier 2007 \u2013 Arr\u00eat\u00e9 royal concernant le transport commercial d\u2019animaux autres que les animaux agricoles.<\/a><\/li>\n<li><a title=\"R\u00e8glement europ\u00e9en 1\/2005 - protection des animaux pendant le transport\" href=\"\/wp\/wp-content\/uploads\/2015\/04\/europese_verordening_1-2005.pdf\" target=\"_blank\">R\u00e8glement (CE\u00b0 no 1\/2005 du Conseil du 22 d\u00e9cembre 2004 relatif \u00e0 la protection des animaux pendant le transport et les op\u00e9rations annexes et modifiant les directives 64\/432\/CEE et 93\/119\/CE et le r\u00e8glement (CE) no 1255\/97.<\/a><\/li>\n<li><a title=\"AR 17 mai 2001 - \u00e9l\u00e9vage\" href=\"\/wp\/wp-content\/uploads\/2015\/04\/kb-17-05-2001-gewervelde-dieren.pdf\" target=\"_blank\">17 mai 2001 &#8211; Arr\u00eat\u00e9 royal relatif aux Interventions autoris\u00e9es sur les vert\u00e9br\u00e9s pour l&rsquo;exploitation utilitaire de l&rsquo;animal ou pour limiter la reproduction de l&rsquo;esp\u00e8ce.<\/a><\/li>\n<li><a title=\"AR 1er mars 2000 - protection des animaux dans l'\u00e9levage\" href=\"\/wp\/wp-content\/uploads\/2015\/04\/kb-01-03-2000-landbouwdoeleinden.pdf\" target=\"_blank\">1 mars 2000 &#8211; Arr\u00eat\u00e9 royal concernant la protection des animaux dans les \u00e9levages.<\/a><\/li>\n<li><a title=\"AR 23 septembre 1998 - protection des animaux pendant les comp\u00e9titions\" href=\"\/wp\/wp-content\/uploads\/2015\/04\/kb-23-09-1998-wedstrijden.pdf\" target=\"_blank\">23 septembre 1998 &#8211; Arr\u00eat\u00e9 royal relatif \u00e0 la protection des animaux lors de comp\u00e9titions.<\/a><\/li>\n<li><a title=\"AR 16 janvier 1998 - protection des animaux pendant l'abattage\" href=\"\/wp\/wp-content\/uploads\/2015\/04\/kb-16-01-1998-slachten.pdf\" target=\"_blank\">16 janvier 1998 &#8211; Arr\u00eat\u00e9 royal relatif \u00e0 la protection des animaux pendant l&rsquo;abattage ou la mise \u00e0 mort.<\/a><\/li>\n<li><a title=\"AR 14 ao\u00fbt 1986 - bien-\u00eatre des animaux\" href=\"\/wp\/wp-content\/uploads\/2015\/04\/kb-14-08-1986-bescherming-welzijn.pdf\" target=\"_blank\">14 aout 1986 &#8211; Loi relative \u00e0 la protection et au bien-\u00eatre des animaux.<\/a><\/li>\n<\/ol>\n<p><\/p>","protected":false},"excerpt":{"rendered":"<p>Bien-\u00eatre des chevaux Le cheval s&rsquo;est taill\u00e9 une position privil\u00e9gi\u00e9e dans notre soci\u00e9t\u00e9. On le consid\u00e8re commun\u00e9ment comme un animal \u00ab\u00a0noble\u00a0\u00bb qui aura jou\u00e9 un r\u00f4le particulier dans l&rsquo;\u00e9volution et le progr\u00e8s du monde. L&rsquo;\u00e9levage de chevaux se targue dans notre r\u00e9gion d&rsquo;une tradition bien longue, gr\u00e2ce au Cheval de Trait Belge qui est devenu [&hellip;]<\/p>\n","protected":false},"author":2,"featured_media":0,"parent":65,"menu_order":3,"comment_status":"open","ping_status":"closed","template":"","meta":{"footnotes":""},"class_list":["post-73","page","type-page","status-publish","hentry"],"_links":{"self":[{"href":"https:\/\/cbc-bcp.be\/fr\/wp-json\/wp\/v2\/pages\/73","targetHints":{"allow":["GET"]}}],"collection":[{"href":"https:\/\/cbc-bcp.be\/fr\/wp-json\/wp\/v2\/pages"}],"about":[{"href":"https:\/\/cbc-bcp.be\/fr\/wp-json\/wp\/v2\/types\/page"}],"author":[{"embeddable":true,"href":"https:\/\/cbc-bcp.be\/fr\/wp-json\/wp\/v2\/users\/2"}],"replies":[{"embeddable":true,"href":"https:\/\/cbc-bcp.be\/fr\/wp-json\/wp\/v2\/comments?post=73"}],"version-history":[{"count":6,"href":"https:\/\/cbc-bcp.be\/fr\/wp-json\/wp\/v2\/pages\/73\/revisions"}],"predecessor-version":[{"id":3922,"href":"https:\/\/cbc-bcp.be\/fr\/wp-json\/wp\/v2\/pages\/73\/revisions\/3922"}],"up":[{"embeddable":true,"href":"https:\/\/cbc-bcp.be\/fr\/wp-json\/wp\/v2\/pages\/65"}],"wp:attachment":[{"href":"https:\/\/cbc-bcp.be\/fr\/wp-json\/wp\/v2\/media?parent=73"}],"curies":[{"name":"wp","href":"https:\/\/api.w.org\/{rel}","templated":true}]}}