{"id":79,"date":"2015-02-20T09:12:33","date_gmt":"2015-02-20T08:12:33","guid":{"rendered":"http:\/\/bcp.kobi.be\/?page_id=79"},"modified":"2015-05-27T12:57:37","modified_gmt":"2015-05-27T10:57:37","slug":"vaccinatie-en-ziekten","status":"publish","type":"page","link":"https:\/\/cbc-bcp.be\/fr\/informatie\/federale-dossiers\/vaccinatie-en-ziekten\/","title":{"rendered":"Vaccination et maladies"},"content":{"rendered":"<p><a title=\"vaccination des chevaux\" href=\"#vaccination\">Vaccination<\/a><br \/>\n<a title=\"an\u00e9mie infectieuse des \u00e9quid\u00e9s\" href=\"#anemie\">An\u00e9mie infectieuse des \u00e9quid\u00e9s<\/a><br \/>\n<a title=\"virus de l'herpes type 1 ou rhinopneumonie des \u00e9quid\u00e9s\" href=\"#virus\">Virus de l\u2019herp\u00e8s type 1 ou rhinopneumonie des \u00e9quid\u00e9s<\/a><br \/>\n<a title=\"influenza ou grippe des chevaux\" href=\"#influenza\">Influenza ou grippe de chevaux<\/a><br \/>\n<a title=\"t\u00e9tanos\" href=\"#tetanos\">T\u00e9tanos <\/a><br \/>\n<a title=\"virus du Nil occidental\" href=\"#virus-nil\">Virus du Nil occidental<\/a><\/p>\n<p><a name=\"vaccination\"><\/a><\/p>\n<h3>VACCINATION<\/h3>\n<p><a name=\"vaccination\"><\/a><br \/>\nEn faisant vacciner votre cheval ou votre poney, vous \u00e9vitez sans aucun doute des probl\u00e8mes \u00e0 l\u2019avenir. Gr\u00e2ce \u00e0 la vaccination, votre cheval est prot\u00e9g\u00e9 contre les maladies contagieuses. Ainsi, vous \u00e9vitez que votre cheval souffre inutilement, vous r\u00e9duisez le risque que des germes pathog\u00e8nes circulent dans les \u00e9curies et sont inocul\u00e9s \u00e0 d\u2019autres chevaux. Le risque que la maladie surgit et se disperse, diminue donc r\u00e9ellement. La vaccination est par cons\u00e9quent un <strong>traitement pr\u00e9ventif <\/strong>afin de <strong>prot\u00e9ger le cheval contre des maladies contagieuses et \u00e0 titre de pr\u00e9caution de transmission<\/strong> de ces maladies sur d\u2019autres chevaux.<\/p>\n<h4>Signification d\u2019une vaccination.<\/h4>\n<p><img loading=\"lazy\" decoding=\"async\" class=\"alignleft size-full wp-image-398\" src=\"https:\/\/cbc-bcp.be-content\/uploads\/2015\/04\/vaccination-vaccinatie.jpg\" alt=\"Impfling\" width=\"175\" height=\"117\" \/>Le v\u00e9t\u00e9rinaire donne une injection au cheval. La plupart du temps, celle-ci est donn\u00e9e dans le cou et est quasi indolente. Une vaccination est une dose minime d\u2019un virus qui est inject\u00e9e dans l\u2019animal. Le corps y r\u00e9agit en cr\u00e9ant des anticorps contre ce virus. Vu que la quantit\u00e9 du virus est tellement minime, ceci ne peut provoquer de maladie. Si par la suite le corps est quand-m\u00eame en contact avec le m\u00eame virus, il r\u00e9agit et le virus est imm\u00e9diatement \u00e9limin\u00e9. De cette mani\u00e8re, le dommage est r\u00e9duit au minimum. Vu que les anticorps affaiblissent \u00e0 nouveau apr\u00e8s quelque temps, le cheval doit \u00eatre <strong>vaccin\u00e9 r\u00e9guli\u00e8rement<\/strong>.<\/p>\n<h4>Vacciner de mani\u00e8re pr\u00e9ventive<\/h4>\n<ul>\n<li>Influenza ou la grippe de chevaux<\/li>\n<\/ul>\n<p>La <strong>vaccination de base<\/strong> comprend 2 injections avec un intervalle de 4 \u00e0 6 semaines. Par apr\u00e8s, la vaccination sera refaite <strong>tous les 6 mois ou annuellement<\/strong>. Si votre cheval se trouve dans un man\u00e8ge ou participe r\u00e9guli\u00e8rement \u00e0 des concours, l\u2019injection semestrielle n\u2019est certainement pas superflue.<br \/>\nLe <strong>poulain<\/strong>, quant \u00e0 lui, est prot\u00e9g\u00e9 pendant les premiers mois gr\u00e2ce au lait maternel. N\u00e9anmoins, \u00e0 partir de l\u2019\u00e2ge de 5 mois, le poulain doit aussi \u00eatre vaccin\u00e9. Si la m\u00e8re n\u2019a pas \u00e9t\u00e9 vaccin\u00e9e, le poulain doit recevoir son injection \u00e0 l\u2019\u00e2ge de 2 mois, parce que la grippe peut \u00eatre mortelle pour un poulain.<br \/>\nLe vaccin de combinaison annuel, notamment grippe-t\u00e9tanos, est obligatoire pour les chevaux participant \u00e0 des concours et pour les autres chevaux, c\u2019est un v\u00e9ritable must ! Ainsi, vous \u00e9pargnez votre cheval de gros probl\u00e8mes de sant\u00e9.<\/p>\n<ul>\n<li>T\u00e9tanos<br \/>\nLa<strong> vaccination de base<\/strong> consiste en 3 injections. La deuxi\u00e8me injection est donn\u00e9e avec un intervalle de 4 \u00e0 6 semaines. Une troisi\u00e8me injection est donn\u00e9e apr\u00e8s 6 mois jusqu\u20191 an apr\u00e8s la seconde.<br \/>\nPar la suite, il est conseill\u00e9 de <strong>refaire annuellement la vaccination<\/strong>.<br \/>\n<strong>La vaccination contre le t\u00e9tanos peut \u00eatre inocul\u00e9e ensemble avec le vaccin contre la grippe<\/strong>.<br \/>\nSi le cheval subit toutefois de graves blessures entretemps, le v\u00e9t\u00e9rinaire injectera pour toute s\u00e9curit\u00e9 encore un s\u00e9rum antit\u00e9tanique. Toutefois, ce dernier n\u2019a effet que pendant 21 jours et ne remplace donc en aucune fa\u00e7on la vaccination annuelle.<br \/>\nLes 4 premiers mois, les poulains sont prot\u00e9g\u00e9s via le lait maternel (si la m\u00e8re a \u00e9t\u00e9 vaccin\u00e9e 1 \u00e0 3 mois avant la naissance du poulain).<\/li>\n<li>Rhinopneumonie<br \/>\nUne vaccination de tous les chevaux de l\u2019\u00e9curie est conseill\u00e9e afin d\u2019\u00e9viter tout risque d\u2019\u00e9pid\u00e9mie. <strong>La vaccination de base<\/strong> consiste en 2 injections avec un intervalle de 4 semaines et un <strong>renouvellement tous les 6 mois<\/strong>. La vaccination peut \u00eatre faite en m\u00eame temps que celle contre le t\u00e9tanos.<br \/>\nLes juments gravides sont vaccin\u00e9es trois fois pendant la gestation (au 3\u00e8me \u2013 5\u00e8me \u2013 7\u00e8me\u00a0 mois).<br \/>\nGr\u00e2ce au lait maternel, le poulain est prot\u00e9g\u00e9 pendant les premiers mois. A l\u2019\u00e2ge de 5 mois, le poulain doit recevoir un vaccin.<br \/>\nLa vaccination contre la rhinopneumonie est fort conseill\u00e9e. La maladie se produit moins, mais lorsqu\u2019elle surgit, elle est tr\u00e8s opini\u00e2tre et dangereuse. Tentez de pr\u00e9venir cette maladie, parce qu\u2019il n\u2019est pas toujours possible de gu\u00e9rir.<br \/>\nEn ce qui concerne la rhinopneumonie, il vaut mieux vacciner les chevaux ensemble avec le vaccin contre grippe\/t\u00e9tanos au mois de septembre et une seconde fois en mars ou avril.<\/li>\n<\/ul>\n<p><a name=\"anemie\"><\/a><\/p>\n<h3>ANEMIE INFECTIEUSE DES EQUIDES<\/h3>\n<p><a name=\"anemie\"><\/a><br \/>\nTandis que la maladie n\u2019a auparavant jamais \u00e9t\u00e9 constat\u00e9e en Belgique, d\u00e9j\u00e0 3 cas d\u2019an\u00e9mie infectieuse des \u00e9quid\u00e9s se sont produits en 2010. Tous ces chevaux venaient de la Roumanie et les chevaux d\u2019origine roumaine sont \u00e9galement la cause d\u2019apparition d\u2019an\u00e9mie infectieuse des \u00e9quid\u00e9s dans d\u2019autres Etats membres, notamment en Italie et r\u00e9cemment au Royaume-Uni.<\/p>\n<p>L\u2019an\u00e9mie infectieuse chez les chevaux (Equine infectious anemia, EIA) est une <strong>maladie virale contagieuse et potentiellement mortelle<\/strong> aussi connue sous le nom \u00ab\u00a0<strong>la fi\u00e8vre palud\u00e9enne<\/strong>\u00ab\u00a0.\u00a0 L\u2019EIA est la suite d\u2019une contamination persistante de chevaux via un \u2018lentivirus\u2019 (virus lent). C\u2019est la premi\u00e8re maladie caus\u00e9e par le lentivirus, dont est prouv\u00e9 qu\u2019elle est transport\u00e9e par les insectes. La maladie est dispers\u00e9e dans le monde entier et atteint de divers membres des \u00e9quid\u00e9s, dont les chevaux, les poneys, les \u00e2nes et les mules.<\/p>\n<p>Lorsque les chevaux sont expos\u00e9s \u00e0 l\u2019EIAV, ils peuvent avoir de <strong>graves sympt\u00f4mes aigus<\/strong> de la maladie et mourir dans les 2 \u00e0 3 semaines. Les sympt\u00f4mes cliniques de cette forme aigu\u00eb ne sont pas sp\u00e9cifiques et peuvent comprendre la pyrexie, l\u2019anorexie, la d\u00e9pression et la peteciae sur les muqueuses. Ce type de maladie est le plus grave et le plus difficile \u00e0 diagnostiquer, parce que les sympt\u00f4mes apparaissent rapidement et l\u2019on constate souvent uniquement une<strong> temp\u00e9rature du corps \u00e9lev\u00e9e<\/strong>. Dans les cas les moins graves, il se peut que la fi\u00e8vre originaire dure souvent moins de 24 heures.<\/p>\n<p>Si un animal survit l\u2019\u00e9pisode aigu\u00eb, la maladie peut devenir chronique. Dans des <strong>cas chroniques<\/strong>, caract\u00e9ris\u00e9s par des cycles de maladie revenants, les sympt\u00f4mes classiques, tels que l\u2019an\u00e9mie, l\u2019\u0153d\u00e8me et la perte de poids, sont souvent manifestes. D\u2019habitude, la fr\u00e9quence et la gravit\u00e9 des cas cliniques diminue tout doucement jusqu\u2019au moment o\u00f9 l\u2019animal devient un porteur subclinique. Parfois, des animaux EIAV s\u00e9ropositifs ne d\u00e9montrent pas de sympt\u00f4mes cliniques ou bien les sympt\u00f4mes sont si minimes qu\u2019ils ne sont pas remarqu\u00e9s par leurs propri\u00e9taires.<\/p>\n<p>La fa\u00e7on la plus importante de contamination par l\u2019EIAV se fait via la <strong>transmission de sang contamin\u00e9<\/strong>.<\/p>\n<p>La transmission de la maladie par l\u2019administration de plasma contamin\u00e9 \u00e0 des poulains a \u00e9galement \u00e9t\u00e9 d\u00e9crite comme cause de diverses apparitions (en Irlande, 2006). Jusqu\u2019\u00e0 pr\u00e9sent, il n\u2019y a pas de vaccins appropri\u00e9s contre l\u2019EIA et il n\u2019existe pas de traitement afin d\u2019\u00e9liminer le virus de l\u2019animal.<\/p>\n<p><a name=\"virus\"><\/a><\/p>\n<h3>VIRUS DE L\u2019HERPES TYPE 1 OU RHINOPNEUMONIE<\/h3>\n<p><a name=\"virus\"><\/a><br \/>\n(Source: Facult\u00e9 M\u00e9decine v\u00e9t\u00e9rinaire, Universit\u00e9 de Gand)<\/p>\n<p><strong>1. Pathogen\u00e8se et Sympt\u00f4mes<\/strong><br \/>\nLa rhinopneumonie ou l\u2019EHV-1 appara\u00eet en g\u00e9n\u00e9ral parmi la population des chevaux. L\u2019EHV-1 est un <strong>virus de respiration<\/strong>, l\u2019infection appara\u00eet donc par l\u2019inhalation ou via contact avec des s\u00e9cr\u00e9tions contamin\u00e9es. L\u2019EHV-1 ne peut toutefois se diffuser dans l\u2019air \u00e0 distance br\u00e8ve, ceci en contradiction avec le virus de la grippe. Le virus peut cependant \u00eatre transport\u00e9 par l\u2019<strong>\u00eatre humain ou du mat\u00e9riel<\/strong> (les portes d\u2019\u00e9curies, la paille). La majoration du virus dans le syst\u00e8me respiratoire peut \u00eatre limit\u00e9e ou \u00e9largie ainsi qu\u2019accompagn\u00e9e de<strong> fi\u00e8vre, de manque d\u2019app\u00e9tit, de dilatation des ganglions lymphatiques, les yeux qui coulent, le nez qui coule (jetage clair \u00e0 vert jaun\u00e2tre muqueux<\/strong>). Par apr\u00e8s, le virus p\u00e9n\u00e8tre dans le sang, o\u00f9 il se trouve dans les globules blanches.<br \/>\nLa majoration du virus dans les vaisseaux sanguins \u00e0 hauteur de l\u2019ut\u00e9rus gravide et ensuite dans le f\u0153tus m\u00e8ne \u00e0 un <strong>avortement <\/strong>ou \u00e0 la naissance d\u2019un poulain faible, qui meurt la plupart du temps dans les 3 jours. Typiquement, l\u2019avortement arrive pendant les 4 premiers mois de la gestation. La majoration du virus dans les vaisseaux sanguins \u00e0 hauteur du syst\u00e8me nerveux peut provoquer des sympt\u00f4mes de paralysie et de troubles d\u2019origine nerveuse. Les sympt\u00f4mes varient d\u2019une incoordination de l\u2019arri\u00e8re-main \u00e0 une paralysie grave. Parfois, se manifestent \u00e9galement l\u2019\u0153d\u00e8me des membres, l\u2019\u0153d\u00e8me des testicules, la paralysie de la queue, le prolapsus du p\u00e9nis et l\u2019incontinence.<\/p>\n<p><strong>2. Traitement<\/strong><br \/>\nLe traitement de la rhinopneumonie est symptomatique. La th\u00e9rapie d\u2019appui avec du liquide, des anti-inflammatoires et des antibiotiques peuvent soulager. Le vidange manuel du rectum et cath\u00e9ter la vessie sont n\u00e9cessit\u00e9s en cas de paralysie. Les chevaux avec de l\u00e9gers sympt\u00f4mes neurologiques peuvent gu\u00e9rir compl\u00e8tement. N\u00e9anmoins, pour les chevaux ne pouvant pas rester debout pendant 24 heures, le pronostic est mauvais. Il vaut mieux euthanasier ces animaux, parce qu\u2019ils ne gu\u00e9riront jamais compl\u00e8tement.<\/p>\n<p><strong>3. Pr\u00e9vention<\/strong><\/p>\n<p>3.1.\u00a0 Vaccination<br \/>\nLa vaccination permet de limiter l\u2019excr\u00e9tion du virus aussi bien en dur\u00e9e qu\u2019en quantit\u00e9. La pression d\u2019infection sur l\u2019entreprise est donc tr\u00e8s diminu\u00e9e. Des probl\u00e8mes respiratoires sont fort r\u00e9prim\u00e9s. La vaccination n\u2019offre pas de protection compl\u00e8te contre l\u2019avortement. L\u2019effet de la vaccination sur l\u2019apparition de troubles d\u2019origine nerveuse n\u2019a pas encore \u00e9t\u00e9 \u00e9tudi\u00e9.<br \/>\n<strong>La vaccination ne donne par cons\u00e9quent pas de garantie \u00e0 100% pour emp\u00eacher les sympt\u00f4mes de rhinopneumonie, mais les diminue toutefois ainsi que l\u2019inoculation du virus \u00e0 d\u2019autres chevaux.<\/strong><\/p>\n<p>3.2. Management<br \/>\nUn management efficace peut pr\u00e9venir que le virus p\u00e9n\u00e8tre une entreprise. La diffusion du virus au niveau de l\u2019entreprise peut aussi \u00eatre r\u00e9duite. Une <strong>entreprise<\/strong> subissant une apparition de rhinopneumonie vaut mieux \u00eatre<strong>isol\u00e9e compl\u00e8tement<\/strong> jusque trois semaines apr\u00e8s le premier cas de fi\u00e8vre. <strong>Les juments poulini\u00e8res doivent \u00eatre s\u00e9par\u00e9es des autres chevaux<\/strong>. Les juments gravides et non gravides doivent \u00eatre gard\u00e9es dans des groupes s\u00e9par\u00e9s. Les poulains sevr\u00e9s et ceux \u00e2g\u00e9s d\u2019un an doivent strictement \u00eatre s\u00e9par\u00e9s des juments gravides. Ce sont d\u2019ailleurs ces animaux qui excr\u00e9teront en masse le virus lors d\u2019une premi\u00e8re infection et qui forment par cons\u00e9quent une source d\u2019infections importante.<br \/>\nLes chevaux sportifs ne peuvent pas \u00eatre en contact avec les juments poulini\u00e8res. Ces animaux vont d\u2019ailleurs souvent en d\u00e9placement et risquent d\u2019amener le virus dans l\u2019entreprise.<\/p>\n<p><strong>4. Diagnostic<\/strong><br \/>\nEn cas d\u2019avortement, le virus est isol\u00e9 du poumon, du thymus et de la rate du poulain. Ces organes sont envoy\u00e9s refroidis et d\u00e9livr\u00e9s au plus vite. Faire une prise de sang de la jument pour d\u00e9finir la teneur d\u2019anticorps n\u2019offre pas de solution, parce que de tels animaux ont constitu\u00e9 la plupart du temps des anticorps suite \u00e0 l\u2019avortement.<br \/>\nD\u2019un cheval avec des sympt\u00f4mes d\u2019affection du syst\u00e8me nerveux, il est conseill\u00e9 de faire une prise de sang en ce qui concerne l\u2019h\u00e9parine ou l\u2019EDTA. L\u2019\u00e9chantillon de sang doit \u00eatre pris le plus vite possible apr\u00e8s l\u2019apparition des sympt\u00f4mes et envoy\u00e9 au plus vite au laboratoire. Ledit \u00e9chantillon ne peut jamais \u00eatre congel\u00e9.<\/p>\n<p>Pour toute question ult\u00e9rieure, veuillez vous adresser \u00e0 <span id=\"cloak21237\"><a href=\"mailto:annick.gryspeerdt@ugent.be\">annick.gryspeerdt@ugent.be<\/a><\/span> .<\/p>\n<p><a name=\"influenza\"><\/a><\/p>\n<h3>INFLUENZA OU LA GRIPPE DE CHEVAUX<\/h3>\n<p><a name=\"influenza\"><\/a><br \/>\nLa grippe chez les chevaux est caus\u00e9e par des virus de grippe. La grippe de chevaux peut se diffuser tr\u00e8s vite. Il est donc n\u00e9cessaire que tous les chevaux soient vaccin\u00e9s contre cette maladie afin d\u2019\u00e9viter une \u00e9pid\u00e9mie. Les virus de la grippe se diffusant via le contact direct entre les chevaux et via l\u2019air expir\u00e9 (<strong>le virus p\u00e9n\u00e8tre via le nez<\/strong>). Le virus peut donc \u00eatre <strong>transmis <\/strong>par les <strong>chevaux-m\u00eames<\/strong>, mais aussi par <strong>les\u00a0 \u00eatres humains<\/strong> via les v\u00eatements ou les brosses. D\u00e8s qu\u2019un cheval a \u00e9t\u00e9 en contact avec le virus, il peut devenir malade d\u00e9j\u00e0 apr\u00e8s 2 ou 3 jours. Les jeunes et les vieux chevaux sont le plus sensibles \u00e0 ce genre de virus.<\/p>\n<p>Le virus est caus\u00e9 par une <strong>infection des vois respiratoires sup\u00e9rieures et les poumons<\/strong>. Les premiers sympt\u00f4mes sont la fi\u00e8vre, une toux s\u00e8che et un jetage blanc. Plus tard, l\u2019on remarque un jetage muqueux et purulent, un app\u00e9tit diminu\u00e9, des prestations r\u00e9duites (mouvements rigides) et l\u2019amincissement. L\u2019\u00e9tat g\u00e9n\u00e9ral du cheval est affaibli (muscles affaiblis) et il se comporte las. Les sympt\u00f4mes de la maladie sont donc similaires \u00e0 ceux d\u2019une grippe chez nous. Le propri\u00e9taire de chevaux a tout int\u00e9r\u00eat \u00e0 avertir le v\u00e9t\u00e9rinaire afin d\u2019\u00e9viter le pire.<\/p>\n<p><a name=\"tetanos\"><\/a><\/p>\n<h3>TETANOS<\/h3>\n<p><a name=\"tetanos\"><\/a><br \/>\n<img loading=\"lazy\" decoding=\"async\" class=\"alignleft size-medium wp-image-397\" src=\"https:\/\/cbc-bcp.be-content\/uploads\/2015\/04\/cheval-blanc-prairie-cbc-bcp-300x199.jpg\" alt=\"sunset1179933\" width=\"300\" height=\"199\" \/>Le cheval est un des animaux le plus vite atteint par le t\u00e9tanos. Le t\u00e9tanos est provoqu\u00e9 par une <strong>bact\u00e9rie <\/strong>se trouvant dans l\u2019environnement. Les chevaux sont tr\u00e8s sensibles \u00e0 cette bact\u00e9rie, parce que cette derni\u00e8re peut se dissimuler partout, <strong>par terre, dans tout amas de fumier, sur du fer rouill\u00e9<\/strong> (fourche \u00e0 foin). La bact\u00e9rie dans les intestins du cheval a une <strong>r\u00e9sistance <\/strong>particuli\u00e8re. Les chevaux peuvent mourir en raison de cette bact\u00e9rie.<\/p>\n<p>La bact\u00e9rie p\u00e9n\u00e8tre dans le corps <strong>via une blessure, une blessure occasionn\u00e9e par un objet pointu ou via une infection des intestins<\/strong>. La bact\u00e9rie se multiplie et produit un <strong>poison qui atteint le cerveau<\/strong> via les nerfs et la moelle \u00e9pini\u00e8re. Aussi la bouche et la gorge se crispent de telle mani\u00e8re, \u00e0 ce qu\u2019il ne soit plus possible de manger ni de boire. D\u00e8s que le cheval a \u00e9t\u00e9 en contact avec cette bact\u00e9rie, la p\u00e9riode d\u2019incubation (p\u00e9riode de contamination jusqu\u2019\u00e0 la maladie) est de 4 jours \u00e0 4 semaines. Le t\u00e9tanos chez le cheval se termine le plus souvent de fa\u00e7on <strong>fatale <\/strong>et la vaccination est donc d\u2019une importance vitale.<\/p>\n<p>Actuellement les vaccins de grippe commerciaux sont combin\u00e9s avec le vaccin contre le t\u00e9tanos, une seule injection suffit donc. Cette vaccination annuelle prot\u00e8ge votre cheval \u00e0 100% contre le t\u00e9tanos.<\/p>\n<p><a name=\"virus-nil\"><\/a><\/p>\n<h3>VIRUS DU NIL OCCIDENTAL<\/h3>\n<p><a name=\"virus-nil\"><\/a><br \/>\nLe virus du Nil occidental (VNO) se produit surtout dans des pays, tels que l\u2019<strong>Afrique du sud, Isra\u00ebl (et le Moyen-Orient), l\u2019Inde et les Etats-Unis<\/strong>. Jusqu\u2019\u00e0 pr\u00e9sent, le virus n\u2019a pas (encore) \u00e9t\u00e9 signal\u00e9 en Belgique. L\u2019on pr\u00e9sume que des oiseaux sauvages diffusent le virus du Nil occidental pendant leurs migrations et que le virus est inocul\u00e9 par des piq\u00fbres de moustiques aux \u00eatres humains et aux mammif\u00e8res. Dans des r\u00e9gions o\u00f9 appara\u00eet le virus, moins d\u20191% de moustiques sont porteurs du virus. En plus, une piq\u00fbre d\u2019un moustique infect\u00e9 m\u00e8ne dans moins d\u20191 % des piq\u00fbres \u00e0 de graves sympt\u00f4mes.<\/p>\n<p><strong>Les chevaux et les \u00eatres humains seraient les dits h\u00f4tes finaux<\/strong>. Cela signifie que la maladie ne peut \u00eatre transf\u00e9r\u00e9e du cheval au cheval ou du cheval \u00e0 l\u2019\u00eatre humain. Des tests ont prouv\u00e9 que des moutons, des poules, des vaches, des porcs, des chiens et des chats peuvent \u00eatre contamin\u00e9s, mais il n\u2019y a jamais eu de maladies constat\u00e9es.<\/p>\n<p>A l\u2019estime, 20% des personnes contamin\u00e9es deviennent r\u00e9ellement malades. La plupart du temps, la contamination ne cause que des <strong>sympt\u00f4mes limit\u00e9s<\/strong>, tels que la fi\u00e8vre, le mal \u00e0 la t\u00eate, l\u2019hypersensibilit\u00e9 et les ganglions lymphatiques gonfl\u00e9s. Apr\u00e8s quelques jours, les sympt\u00f4mes disparaissent sans cons\u00e9quences persistantes. Dans un nombre de cas limit\u00e9, cela peut toutefois entra\u00eener une enc\u00e9phalite ou une m\u00e9ningite. La plupart du temps, il s\u2019agit de personnes ayant un syst\u00e8me immunitaire affaibli.<\/p>\n<p><strong>Des chevaux contamin\u00e9s peuvent pr\u00e9senter des troubles neurologiques (possiblement permanents) et mourir<\/strong>. La p\u00e9riode d\u2019incubation chez les chevaux est de 5 \u00e0 15 jours. Il n\u2019existe pas de m\u00e9dicament pour le VNO, mais il y a bien des vaccins sur le march\u00e9 afin de prot\u00e9ger les chevaux contre une contamination.<\/p>","protected":false},"excerpt":{"rendered":"<p>Vaccination An\u00e9mie infectieuse des \u00e9quid\u00e9s Virus de l\u2019herp\u00e8s type 1 ou rhinopneumonie des \u00e9quid\u00e9s Influenza ou grippe de chevaux T\u00e9tanos Virus du Nil occidental VACCINATION En faisant vacciner votre cheval ou votre poney, vous \u00e9vitez sans aucun doute des probl\u00e8mes \u00e0 l\u2019avenir. Gr\u00e2ce \u00e0 la vaccination, votre cheval est prot\u00e9g\u00e9 contre les maladies contagieuses. Ainsi, [&hellip;]<\/p>\n","protected":false},"author":2,"featured_media":0,"parent":65,"menu_order":6,"comment_status":"open","ping_status":"closed","template":"","meta":{"footnotes":""},"class_list":["post-79","page","type-page","status-publish","hentry"],"_links":{"self":[{"href":"https:\/\/cbc-bcp.be\/fr\/wp-json\/wp\/v2\/pages\/79","targetHints":{"allow":["GET"]}}],"collection":[{"href":"https:\/\/cbc-bcp.be\/fr\/wp-json\/wp\/v2\/pages"}],"about":[{"href":"https:\/\/cbc-bcp.be\/fr\/wp-json\/wp\/v2\/types\/page"}],"author":[{"embeddable":true,"href":"https:\/\/cbc-bcp.be\/fr\/wp-json\/wp\/v2\/users\/2"}],"replies":[{"embeddable":true,"href":"https:\/\/cbc-bcp.be\/fr\/wp-json\/wp\/v2\/comments?post=79"}],"version-history":[{"count":1,"href":"https:\/\/cbc-bcp.be\/fr\/wp-json\/wp\/v2\/pages\/79\/revisions"}],"predecessor-version":[{"id":534,"href":"https:\/\/cbc-bcp.be\/fr\/wp-json\/wp\/v2\/pages\/79\/revisions\/534"}],"up":[{"embeddable":true,"href":"https:\/\/cbc-bcp.be\/fr\/wp-json\/wp\/v2\/pages\/65"}],"wp:attachment":[{"href":"https:\/\/cbc-bcp.be\/fr\/wp-json\/wp\/v2\/media?parent=79"}],"curies":[{"name":"wp","href":"https:\/\/api.w.org\/{rel}","templated":true}]}}